{"id":596,"date":"2021-04-14T11:49:26","date_gmt":"2021-04-14T11:49:26","guid":{"rendered":"https:\/\/demo.creativethemes.com\/blocksy\/homi\/?post_type=product&#038;p=596"},"modified":"2024-06-19T07:37:49","modified_gmt":"2024-06-19T07:37:49","slug":"coffee-table","status":"publish","type":"product","link":"http:\/\/diverminis.com\/?product=coffee-table","title":{"rendered":"Cuadernillo Colores"},"content":{"rendered":"<p>Con el cuadernillo de colores los y las peques aprender\u00e1n los colores de forma divertida y din\u00e1mica y adem\u00e1s de forma manipulativa. Adem\u00e1s, al trabajar mediante fichas con velcros que tiene que pegar y despegar favorecemos el desarrollo de la motricidad fina.<\/p>\n<p>En este cuadernillo se deber\u00e1n clasificar animales, frutas, objetos seg\u00fan su color&#8230;<\/p>\n<p>Recomendado a partir de los 16 o 18 meses (siempre debemos tener en cuenta el desarrollo personal de cada ni\u00f1o o ni\u00f1a)<\/p>\n","protected":false},"excerpt":{"rendered":"<p>Disponible en castellano y catal\u00e1n.<\/p>\n<p>El cuadernillo de colores se trabajan el aprendizaje de los mismo partiendo de los intereses de los ni\u00f1as y las ni\u00f1as. Es un cuadernillo muy llamativo, donde pondr\u00e1n aprender a trav\u00e9s de la clasificaci\u00f3n por colores, la seriaci\u00f3n&#8230;y todo ello de forma manipulativa, fomentando as\u00ed la motivaci\u00f3n para una mayor concentraci\u00f3n e inter\u00e9s por lo que est\u00e1n haciendo.<\/p>\n<p>16 p\u00e1ginas: portada, contraportada y 14 p\u00e1ginas de actividades.<\/p>\n<p>&nbsp;<\/p>\n","protected":false},"featured_media":1343,"comment_status":"open","ping_status":"closed","template":"","meta":{"site-sidebar-layout":"default","site-content-layout":"","ast-site-content-layout":"default","site-content-style":"default","site-sidebar-style":"default","ast-global-header-display":"","ast-banner-title-visibility":"","ast-main-header-display":"","ast-hfb-above-header-display":"","ast-hfb-below-header-display":"","ast-hfb-mobile-header-display":"","site-post-title":"","ast-breadcrumbs-content":"","ast-featured-img":"","footer-sml-layout":"","theme-transparent-header-meta":"default","adv-header-id-meta":"","stick-header-meta":"","header-above-stick-meta":"","header-main-stick-meta":"","header-below-stick-meta":"","astra-migrate-meta-layouts":"set","ast-page-background-enabled":"default","ast-page-background-meta":{"desktop":{"background-color":"var(--ast-global-color-4)","background-image":"","background-repeat":"repeat","background-position":"center center","background-size":"auto","background-attachment":"scroll","background-type":"","background-media":"","overlay-type":"","overlay-color":"","overlay-gradient":""},"tablet":{"background-color":"","background-image":"","background-repeat":"repeat","background-position":"center center","background-size":"auto","background-attachment":"scroll","background-type":"","background-media":"","overlay-type":"","overlay-color":"","overlay-gradient":""},"mobile":{"background-color":"","background-image":"","background-repeat":"repeat","background-position":"center center","background-size":"auto","background-attachment":"scroll","background-type":"","background-media":"","overlay-type":"","overlay-color":"","overlay-gradient":""}},"ast-content-background-meta":{"desktop":{"background-color":"var(--ast-global-color-5)","background-image":"","background-repeat":"repeat","background-position":"center center","background-size":"auto","background-attachment":"scroll","background-type":"","background-media":"","overlay-type":"","overlay-color":"","overlay-gradient":""},"tablet":{"background-color":"var(--ast-global-color-5)","background-image":"","background-repeat":"repeat","background-position":"center center","background-size":"auto","background-attachment":"scroll","background-type":"","background-media":"","overlay-type":"","overlay-color":"","overlay-gradient":""},"mobile":{"background-color":"var(--ast-global-color-5)","background-image":"","background-repeat":"repeat","background-position":"center center","background-size":"auto","background-attachment":"scroll","background-type":"","background-media":"","overlay-type":"","overlay-color":"","overlay-gradient":""}}},"product_brand":[],"product_cat":[35,26],"product_tag":[],"giftcard-category":[],"class_list":{"0":"post-596","1":"product","2":"type-product","3":"status-publish","4":"has-post-thumbnail","6":"product_cat-cuadernillos","7":"product_cat-educacion-infantil","8":"pa_idioma-catalan","9":"pa_idioma-castellano","10":"pa_idioma-euskera","11":"desktop-align-left","12":"tablet-align-left","13":"mobile-align-left","15":"first","16":"instock","17":"shipping-taxable","18":"purchasable","19":"product-type-variable","20":"has-default-attributes"},"_links":{"self":[{"href":"http:\/\/diverminis.com\/index.php?rest_route=\/wp\/v2\/product\/596","targetHints":{"allow":["GET"]}}],"collection":[{"href":"http:\/\/diverminis.com\/index.php?rest_route=\/wp\/v2\/product"}],"about":[{"href":"http:\/\/diverminis.com\/index.php?rest_route=\/wp\/v2\/types\/product"}],"replies":[{"embeddable":true,"href":"http:\/\/diverminis.com\/index.php?rest_route=%2Fwp%2Fv2%2Fcomments&post=596"}],"wp:featuredmedia":[{"embeddable":true,"href":"http:\/\/diverminis.com\/index.php?rest_route=\/wp\/v2\/media\/1343"}],"wp:attachment":[{"href":"http:\/\/diverminis.com\/index.php?rest_route=%2Fwp%2Fv2%2Fmedia&parent=596"}],"wp:term":[{"taxonomy":"product_brand","embeddable":true,"href":"http:\/\/diverminis.com\/index.php?rest_route=%2Fwp%2Fv2%2Fproduct_brand&post=596"},{"taxonomy":"product_cat","embeddable":true,"href":"http:\/\/diverminis.com\/index.php?rest_route=%2Fwp%2Fv2%2Fproduct_cat&post=596"},{"taxonomy":"product_tag","embeddable":true,"href":"http:\/\/diverminis.com\/index.php?rest_route=%2Fwp%2Fv2%2Fproduct_tag&post=596"},{"taxonomy":"giftcard-category","embeddable":true,"href":"http:\/\/diverminis.com\/index.php?rest_route=%2Fwp%2Fv2%2Fgiftcard-category&post=596"}],"curies":[{"name":"wp","href":"https:\/\/api.w.org\/{rel}","templated":true}]}}