{"id":287,"date":"2021-04-12T16:45:34","date_gmt":"2021-04-12T16:45:34","guid":{"rendered":"https:\/\/demo.creativethemes.com\/blocksy\/homi\/?post_type=product&#038;p=287"},"modified":"2024-12-18T15:05:34","modified_gmt":"2024-12-18T15:05:34","slug":"office-chair","status":"publish","type":"product","link":"http:\/\/diverminis.com\/?product=office-chair","title":{"rendered":"Cuadernillo Emociones"},"content":{"rendered":"<h2>Cuadernillo de Emociones: Educaci\u00f3n Emocional para Ni\u00f1os y Ni\u00f1as<\/h2>\n<p>La <strong>educaci\u00f3n emocional<\/strong> es clave para ayudar a nuestros peque\u00f1os a comprender y gestionar sus emociones. Este <strong>cuadernillo de emociones<\/strong> ha sido dise\u00f1ado para que los ni\u00f1os y ni\u00f1as puedan identificar sus sentimientos, trabajar los comportamientos derivados de ellos y aprender a expresarse de manera positiva.<\/p>\n<h3>\u00bfQu\u00e9 incluye este cuadernillo?<\/h3>\n<ul>\n<li><strong>Actividades pr\u00e1cticas:<\/strong> Ayudan a identificar emociones como alegr\u00eda, tristeza, enfado y m\u00e1s.<\/li>\n<li><strong>\u00daltima p\u00e1gina interactiva:<\/strong> Ideal para que los peque\u00f1os expresen su estado de \u00e1nimo de forma creativa y visual.<\/li>\n<li><strong>Recomendado a partir de los 2 a\u00f1os:<\/strong> Perfecto para iniciar la educaci\u00f3n emocional, siempre adapt\u00e1ndose al desarrollo individual de cada ni\u00f1o o ni\u00f1a.<\/li>\n<\/ul>\n<p>Fomenta la gesti\u00f3n emocional y acompa\u00f1a a tus hijos en su aprendizaje con este recurso educativo imprescindible.<\/p>\n<p>&nbsp;<\/p>\n","protected":false},"excerpt":{"rendered":"<p><strong>Cuadernillo de emociones para ni\u00f1os y ni\u00f1as.<\/strong> Ayuda a identificar y gestionar emociones, trabajando los comportamientos asociados. Incluye una p\u00e1gina especial para expresar su estado de \u00e1nimo. Recomendado a partir de los 2 a\u00f1os, adaptado a su desarrollo.<\/p>\n<p>&nbsp;<\/p>\n","protected":false},"featured_media":1345,"comment_status":"open","ping_status":"closed","template":"","meta":{"site-sidebar-layout":"default","site-content-layout":"","ast-site-content-layout":"default","site-content-style":"default","site-sidebar-style":"default","ast-global-header-display":"","ast-banner-title-visibility":"","ast-main-header-display":"","ast-hfb-above-header-display":"","ast-hfb-below-header-display":"","ast-hfb-mobile-header-display":"","site-post-title":"","ast-breadcrumbs-content":"","ast-featured-img":"","footer-sml-layout":"","theme-transparent-header-meta":"default","adv-header-id-meta":"","stick-header-meta":"","header-above-stick-meta":"","header-main-stick-meta":"","header-below-stick-meta":"","astra-migrate-meta-layouts":"set","ast-page-background-enabled":"default","ast-page-background-meta":{"desktop":{"background-color":"var(--ast-global-color-4)","background-image":"","background-repeat":"repeat","background-position":"center center","background-size":"auto","background-attachment":"scroll","background-type":"","background-media":"","overlay-type":"","overlay-color":"","overlay-gradient":""},"tablet":{"background-color":"","background-image":"","background-repeat":"repeat","background-position":"center center","background-size":"auto","background-attachment":"scroll","background-type":"","background-media":"","overlay-type":"","overlay-color":"","overlay-gradient":""},"mobile":{"background-color":"","background-image":"","background-repeat":"repeat","background-position":"center center","background-size":"auto","background-attachment":"scroll","background-type":"","background-media":"","overlay-type":"","overlay-color":"","overlay-gradient":""}},"ast-content-background-meta":{"desktop":{"background-color":"var(--ast-global-color-5)","background-image":"","background-repeat":"repeat","background-position":"center center","background-size":"auto","background-attachment":"scroll","background-type":"","background-media":"","overlay-type":"","overlay-color":"","overlay-gradient":""},"tablet":{"background-color":"var(--ast-global-color-5)","background-image":"","background-repeat":"repeat","background-position":"center center","background-size":"auto","background-attachment":"scroll","background-type":"","background-media":"","overlay-type":"","overlay-color":"","overlay-gradient":""},"mobile":{"background-color":"var(--ast-global-color-5)","background-image":"","background-repeat":"repeat","background-position":"center center","background-size":"auto","background-attachment":"scroll","background-type":"","background-media":"","overlay-type":"","overlay-color":"","overlay-gradient":""}}},"product_brand":[],"product_cat":[35],"product_tag":[],"giftcard-category":[],"class_list":{"0":"post-287","1":"product","2":"type-product","3":"status-publish","4":"has-post-thumbnail","6":"product_cat-cuadernillos","7":"pa_idioma-catalan","8":"pa_idioma-castellano","9":"pa_idioma-euskera","10":"desktop-align-left","11":"tablet-align-left","12":"mobile-align-left","14":"first","15":"instock","16":"shipping-taxable","17":"purchasable","18":"product-type-variable","19":"has-default-attributes"},"_links":{"self":[{"href":"http:\/\/diverminis.com\/index.php?rest_route=\/wp\/v2\/product\/287","targetHints":{"allow":["GET"]}}],"collection":[{"href":"http:\/\/diverminis.com\/index.php?rest_route=\/wp\/v2\/product"}],"about":[{"href":"http:\/\/diverminis.com\/index.php?rest_route=\/wp\/v2\/types\/product"}],"replies":[{"embeddable":true,"href":"http:\/\/diverminis.com\/index.php?rest_route=%2Fwp%2Fv2%2Fcomments&post=287"}],"wp:featuredmedia":[{"embeddable":true,"href":"http:\/\/diverminis.com\/index.php?rest_route=\/wp\/v2\/media\/1345"}],"wp:attachment":[{"href":"http:\/\/diverminis.com\/index.php?rest_route=%2Fwp%2Fv2%2Fmedia&parent=287"}],"wp:term":[{"taxonomy":"product_brand","embeddable":true,"href":"http:\/\/diverminis.com\/index.php?rest_route=%2Fwp%2Fv2%2Fproduct_brand&post=287"},{"taxonomy":"product_cat","embeddable":true,"href":"http:\/\/diverminis.com\/index.php?rest_route=%2Fwp%2Fv2%2Fproduct_cat&post=287"},{"taxonomy":"product_tag","embeddable":true,"href":"http:\/\/diverminis.com\/index.php?rest_route=%2Fwp%2Fv2%2Fproduct_tag&post=287"},{"taxonomy":"giftcard-category","embeddable":true,"href":"http:\/\/diverminis.com\/index.php?rest_route=%2Fwp%2Fv2%2Fgiftcard-category&post=287"}],"curies":[{"name":"wp","href":"https:\/\/api.w.org\/{rel}","templated":true}]}}