{"id":2747,"date":"2025-08-22T13:29:22","date_gmt":"2025-08-22T13:29:22","guid":{"rendered":"https:\/\/diverminis.com\/?post_type=product&#038;p=2747"},"modified":"2025-08-22T13:41:00","modified_gmt":"2025-08-22T13:41:00","slug":"lectofichas","status":"publish","type":"product","link":"http:\/\/diverminis.com\/?product=lectofichas","title":{"rendered":"LECTOFICHAS"},"content":{"rendered":"<p data-start=\"679\" data-end=\"1017\">Las <strong data-start=\"683\" data-end=\"713\">lecto-fichas <\/strong>\u00a0son el recurso ideal para que tu peque practique la lectura de forma divertida, visual y manipulativa.<br data-start=\"815\" data-end=\"818\" \/>Este recurso incluye <strong data-start=\"835\" data-end=\"860\">8 tarjetas educativas<\/strong> con im\u00e1genes reales y palabras en may\u00fascula, perfectas para que los ni\u00f1os y ni\u00f1as empiecen a reconocer, asociar y leer palabras.<\/p>\n<p data-start=\"1019\" data-end=\"1053\">\ud83d\udc49 Con estas fichas, los peques:<\/p>\n<ul data-start=\"1054\" data-end=\"1325\">\n<li data-start=\"1054\" data-end=\"1120\">\n<p data-start=\"1056\" data-end=\"1120\">Desarrollan la <strong data-start=\"1071\" data-end=\"1094\">comprensi\u00f3n lectora<\/strong> desde edades tempranas.<\/p>\n<\/li>\n<li data-start=\"1121\" data-end=\"1196\">\n<p data-start=\"1123\" data-end=\"1196\">Aprenden a <strong data-start=\"1134\" data-end=\"1162\">asociar palabra e imagen<\/strong> de manera sencilla y atractiva.<\/p>\n<\/li>\n<li data-start=\"1197\" data-end=\"1259\">\n<p data-start=\"1199\" data-end=\"1259\">Potencian la <strong data-start=\"1212\" data-end=\"1256\">atenci\u00f3n, concentraci\u00f3n y memoria visual<\/strong>.<\/p>\n<\/li>\n<li data-start=\"1260\" data-end=\"1325\">\n<p data-start=\"1262\" data-end=\"1325\">Disfrutan de un recurso educativo manipulativo y entretenido.<\/p>\n<\/li>\n<\/ul>\n<p data-start=\"1327\" data-end=\"1562\">Son ideales para <strong data-start=\"1344\" data-end=\"1386\">educaci\u00f3n infantil y primeros lectores<\/strong>, tanto en casa como en el aula. Su dise\u00f1o atractivo con im\u00e1genes reales favorece el aprendizaje progresivo y hace que cada sesi\u00f3n de juego sea una experiencia enriquecedora.<\/p>\n<p data-start=\"1564\" data-end=\"1679\">\ud83c\udf1f Recomendadas para mam\u00e1s, pap\u00e1s y docentes que buscan un <strong data-start=\"1623\" data-end=\"1676\">material educativo pr\u00e1ctico, duradero y divertido<\/strong>.<\/p>\n<p data-start=\"1681\" data-end=\"1856\">\u2714\ufe0f Incluye: 8 tarjetas con palabras como <em data-start=\"1722\" data-end=\"1751\">jirafa, casa, pato, mu\u00f1eca\u2026<\/em><br data-start=\"1751\" data-end=\"1754\" \/>\u2714\ufe0f Edad recomendada: a partir de 4 a\u00f1os<br data-start=\"1793\" data-end=\"1796\" \/>\u2714\ufe0f Perfectas para <strong data-start=\"1827\" data-end=\"1854\">aprender a leer jugando<\/strong><\/p>\n<p data-start=\"1681\" data-end=\"1856\">Las lectofichas las recibir\u00e1s plastificadas para mayor duraci\u00f3n y montadas con los velcros para que nada m\u00e1s que te lleguen, tu peque se pueda poner a jugar con\u00a0 ellas.<\/p>\n","protected":false},"excerpt":{"rendered":"<p>Lecto-fichas educativas: 8 tarjetas manipulativas con im\u00e1genes reales y palabras en may\u00fascula para que tu peque practique la lectura jugando. Estimulan la atenci\u00f3n, la comprensi\u00f3n lectora y la asociaci\u00f3n palabra-imagen de forma divertida.<\/p>\n","protected":false},"featured_media":2748,"comment_status":"open","ping_status":"closed","template":"","meta":{"site-sidebar-layout":"default","site-content-layout":"","ast-site-content-layout":"default","site-content-style":"default","site-sidebar-style":"default","ast-global-header-display":"","ast-banner-title-visibility":"","ast-main-header-display":"","ast-hfb-above-header-display":"","ast-hfb-below-header-display":"","ast-hfb-mobile-header-display":"","site-post-title":"","ast-breadcrumbs-content":"","ast-featured-img":"","footer-sml-layout":"","theme-transparent-header-meta":"default","adv-header-id-meta":"","stick-header-meta":"","header-above-stick-meta":"","header-main-stick-meta":"","header-below-stick-meta":"","astra-migrate-meta-layouts":"set","ast-page-background-enabled":"default","ast-page-background-meta":{"desktop":{"background-color":"var(--ast-global-color-4)","background-image":"","background-repeat":"repeat","background-position":"center center","background-size":"auto","background-attachment":"scroll","background-type":"","background-media":"","overlay-type":"","overlay-color":"","overlay-gradient":""},"tablet":{"background-color":"","background-image":"","background-repeat":"repeat","background-position":"center center","background-size":"auto","background-attachment":"scroll","background-type":"","background-media":"","overlay-type":"","overlay-color":"","overlay-gradient":""},"mobile":{"background-color":"","background-image":"","background-repeat":"repeat","background-position":"center center","background-size":"auto","background-attachment":"scroll","background-type":"","background-media":"","overlay-type":"","overlay-color":"","overlay-gradient":""}},"ast-content-background-meta":{"desktop":{"background-color":"var(--ast-global-color-5)","background-image":"","background-repeat":"repeat","background-position":"center center","background-size":"auto","background-attachment":"scroll","background-type":"","background-media":"","overlay-type":"","overlay-color":"","overlay-gradient":""},"tablet":{"background-color":"var(--ast-global-color-5)","background-image":"","background-repeat":"repeat","background-position":"center center","background-size":"auto","background-attachment":"scroll","background-type":"","background-media":"","overlay-type":"","overlay-color":"","overlay-gradient":""},"mobile":{"background-color":"var(--ast-global-color-5)","background-image":"","background-repeat":"repeat","background-position":"center center","background-size":"auto","background-attachment":"scroll","background-type":"","background-media":"","overlay-type":"","overlay-color":"","overlay-gradient":""}}},"product_brand":[],"product_cat":[26,40,67,27],"product_tag":[],"giftcard-category":[],"class_list":{"0":"post-2747","1":"product","2":"type-product","3":"status-publish","4":"has-post-thumbnail","6":"product_cat-educacion-infantil","7":"product_cat-educacion-primaria","8":"product_cat-juegos-educativos","9":"product_cat-lectoescritura","10":"desktop-align-left","11":"tablet-align-left","12":"mobile-align-left","14":"first","15":"instock","16":"shipping-taxable","17":"purchasable","18":"product-type-simple"},"_links":{"self":[{"href":"http:\/\/diverminis.com\/index.php?rest_route=\/wp\/v2\/product\/2747","targetHints":{"allow":["GET"]}}],"collection":[{"href":"http:\/\/diverminis.com\/index.php?rest_route=\/wp\/v2\/product"}],"about":[{"href":"http:\/\/diverminis.com\/index.php?rest_route=\/wp\/v2\/types\/product"}],"replies":[{"embeddable":true,"href":"http:\/\/diverminis.com\/index.php?rest_route=%2Fwp%2Fv2%2Fcomments&post=2747"}],"wp:featuredmedia":[{"embeddable":true,"href":"http:\/\/diverminis.com\/index.php?rest_route=\/wp\/v2\/media\/2748"}],"wp:attachment":[{"href":"http:\/\/diverminis.com\/index.php?rest_route=%2Fwp%2Fv2%2Fmedia&parent=2747"}],"wp:term":[{"taxonomy":"product_brand","embeddable":true,"href":"http:\/\/diverminis.com\/index.php?rest_route=%2Fwp%2Fv2%2Fproduct_brand&post=2747"},{"taxonomy":"product_cat","embeddable":true,"href":"http:\/\/diverminis.com\/index.php?rest_route=%2Fwp%2Fv2%2Fproduct_cat&post=2747"},{"taxonomy":"product_tag","embeddable":true,"href":"http:\/\/diverminis.com\/index.php?rest_route=%2Fwp%2Fv2%2Fproduct_tag&post=2747"},{"taxonomy":"giftcard-category","embeddable":true,"href":"http:\/\/diverminis.com\/index.php?rest_route=%2Fwp%2Fv2%2Fgiftcard-category&post=2747"}],"curies":[{"name":"wp","href":"https:\/\/api.w.org\/{rel}","templated":true}]}}