{"id":2528,"date":"2024-12-01T21:40:20","date_gmt":"2024-12-01T21:40:20","guid":{"rendered":"https:\/\/diverminis.com\/?post_type=product&#038;p=2528"},"modified":"2024-12-07T14:02:27","modified_gmt":"2024-12-07T14:02:27","slug":"cuadernillo-de-navidad-1","status":"publish","type":"product","link":"http:\/\/diverminis.com\/?product=cuadernillo-de-navidad-1","title":{"rendered":"Cuadernillo de Navidad 1"},"content":{"rendered":"<p>Este cuadernillo de Navidad est\u00e1 dise\u00f1ado especialmente para los m\u00e1s peque\u00f1os, a partir de 2 a\u00f1os, ofreciendo actividades manipulativas que estimulan su desarrollo y aprendizaje mientras se divierten.<\/p>\n<p>Incluye actividades de:<\/p>\n<ul>\n<li><strong>Colores y clasificaci\u00f3n:<\/strong> Aprende a identificar y relacionar colores a trav\u00e9s de adorables ilustraciones navide\u00f1as.<\/li>\n<li><strong>Sombras y relaci\u00f3n de objetos:<\/strong> Relaciona juguetes, adornos y ropa t\u00edpica de la Navidad, fomentando el pensamiento l\u00f3gico.<\/li>\n<li><strong>Emociones:<\/strong> Introducci\u00f3n al reconocimiento de emociones a trav\u00e9s de personajes navide\u00f1os, fomentando el desarrollo emocional.<\/li>\n<li><strong>Seriaciones:<\/strong> Ejercicios para identificar y completar patrones, estimulando habilidades de l\u00f3gica y secuenciaci\u00f3n.<\/li>\n<li><strong>Puzzles navide\u00f1os:<\/strong> Mejora la coordinaci\u00f3n y el pensamiento espacial con sencillos puzzles navide\u00f1os.<\/li>\n<\/ul>\n<p>Ideal para disfrutar en casa o en el aula durante estas fechas m\u00e1gicas. \u00a1Una forma perfecta de aprender jugando mientras compartimos el esp\u00edritu navide\u00f1o!<\/p>\n","protected":false},"excerpt":{"rendered":"<p>Cuadernillo de Navidad para ni\u00f1os desde 2 a\u00f1os: aprende colores, sombras y m\u00e1s con divertidos puzzles y seriaciones con motivos navide\u00f1os. \u00a1Descubre la magia del aprendizaje!<\/p>\n<p>15 p\u00e1ginas: portada, contraportada y 13 p\u00e1ginas de actividades.<\/p>\n","protected":false},"featured_media":2536,"comment_status":"open","ping_status":"closed","template":"","meta":{"site-sidebar-layout":"default","site-content-layout":"","ast-site-content-layout":"default","site-content-style":"default","site-sidebar-style":"default","ast-global-header-display":"","ast-banner-title-visibility":"","ast-main-header-display":"","ast-hfb-above-header-display":"","ast-hfb-below-header-display":"","ast-hfb-mobile-header-display":"","site-post-title":"","ast-breadcrumbs-content":"","ast-featured-img":"","footer-sml-layout":"","theme-transparent-header-meta":"default","adv-header-id-meta":"","stick-header-meta":"","header-above-stick-meta":"","header-main-stick-meta":"","header-below-stick-meta":"","astra-migrate-meta-layouts":"set","ast-page-background-enabled":"default","ast-page-background-meta":{"desktop":{"background-color":"var(--ast-global-color-4)","background-image":"","background-repeat":"repeat","background-position":"center center","background-size":"auto","background-attachment":"scroll","background-type":"","background-media":"","overlay-type":"","overlay-color":"","overlay-gradient":""},"tablet":{"background-color":"","background-image":"","background-repeat":"repeat","background-position":"center center","background-size":"auto","background-attachment":"scroll","background-type":"","background-media":"","overlay-type":"","overlay-color":"","overlay-gradient":""},"mobile":{"background-color":"","background-image":"","background-repeat":"repeat","background-position":"center center","background-size":"auto","background-attachment":"scroll","background-type":"","background-media":"","overlay-type":"","overlay-color":"","overlay-gradient":""}},"ast-content-background-meta":{"desktop":{"background-color":"var(--ast-global-color-5)","background-image":"","background-repeat":"repeat","background-position":"center center","background-size":"auto","background-attachment":"scroll","background-type":"","background-media":"","overlay-type":"","overlay-color":"","overlay-gradient":""},"tablet":{"background-color":"var(--ast-global-color-5)","background-image":"","background-repeat":"repeat","background-position":"center center","background-size":"auto","background-attachment":"scroll","background-type":"","background-media":"","overlay-type":"","overlay-color":"","overlay-gradient":""},"mobile":{"background-color":"var(--ast-global-color-5)","background-image":"","background-repeat":"repeat","background-position":"center center","background-size":"auto","background-attachment":"scroll","background-type":"","background-media":"","overlay-type":"","overlay-color":"","overlay-gradient":""}}},"product_brand":[],"product_cat":[35,26],"product_tag":[],"giftcard-category":[],"class_list":{"0":"post-2528","1":"product","2":"type-product","3":"status-publish","4":"has-post-thumbnail","6":"product_cat-cuadernillos","7":"product_cat-educacion-infantil","8":"desktop-align-left","9":"tablet-align-left","10":"mobile-align-left","12":"first","13":"instock","14":"shipping-taxable","15":"purchasable","16":"product-type-simple"},"_links":{"self":[{"href":"http:\/\/diverminis.com\/index.php?rest_route=\/wp\/v2\/product\/2528","targetHints":{"allow":["GET"]}}],"collection":[{"href":"http:\/\/diverminis.com\/index.php?rest_route=\/wp\/v2\/product"}],"about":[{"href":"http:\/\/diverminis.com\/index.php?rest_route=\/wp\/v2\/types\/product"}],"replies":[{"embeddable":true,"href":"http:\/\/diverminis.com\/index.php?rest_route=%2Fwp%2Fv2%2Fcomments&post=2528"}],"wp:featuredmedia":[{"embeddable":true,"href":"http:\/\/diverminis.com\/index.php?rest_route=\/wp\/v2\/media\/2536"}],"wp:attachment":[{"href":"http:\/\/diverminis.com\/index.php?rest_route=%2Fwp%2Fv2%2Fmedia&parent=2528"}],"wp:term":[{"taxonomy":"product_brand","embeddable":true,"href":"http:\/\/diverminis.com\/index.php?rest_route=%2Fwp%2Fv2%2Fproduct_brand&post=2528"},{"taxonomy":"product_cat","embeddable":true,"href":"http:\/\/diverminis.com\/index.php?rest_route=%2Fwp%2Fv2%2Fproduct_cat&post=2528"},{"taxonomy":"product_tag","embeddable":true,"href":"http:\/\/diverminis.com\/index.php?rest_route=%2Fwp%2Fv2%2Fproduct_tag&post=2528"},{"taxonomy":"giftcard-category","embeddable":true,"href":"http:\/\/diverminis.com\/index.php?rest_route=%2Fwp%2Fv2%2Fgiftcard-category&post=2528"}],"curies":[{"name":"wp","href":"https:\/\/api.w.org\/{rel}","templated":true}]}}