{"id":2501,"date":"2024-11-29T13:17:05","date_gmt":"2024-11-29T13:17:05","guid":{"rendered":"https:\/\/diverminis.com\/?post_type=product&#038;p=2501"},"modified":"2024-11-29T13:55:21","modified_gmt":"2024-11-29T13:55:21","slug":"abecedario-de-animales-mayusculas-y-minusculas-con-animales","status":"publish","type":"product","link":"http:\/\/diverminis.com\/?product=abecedario-de-animales-mayusculas-y-minusculas-con-animales","title":{"rendered":"Abecedario de animales: may\u00fasculas y min\u00fasculas con ilustraciones"},"content":{"rendered":"<p>Este recurso educativo descargable es una herramienta perfecta para aprender el abecedario de manera visual y manipulativa. La l\u00e1mina incluye las letras del alfabeto en may\u00fasculas y min\u00fasculas, acompa\u00f1adas de ilustraciones adorables de animales cuyos nombres comienzan con esa letra (por ejemplo, \u00abA\u00bb de Ardilla o \u00abB\u00bb de B\u00faho). Su dise\u00f1o colorido y atractivo capta la atenci\u00f3n de los ni\u00f1os y hace que el aprendizaje sea divertido y din\u00e1mico.<\/p>\n<p>Con este material puedes trabajar diversos aspectos del desarrollo infantil, como:<\/p>\n<ul>\n<li><strong>Reconocimiento de letras<\/strong> : Familiariza a los ni\u00f1os con las letras en sus dos formatos, may\u00fasculas y min\u00fasculas.<\/li>\n<li><strong>Relaci\u00f3n letra-sonido<\/strong> : Asocia cada letra con el sonido inicial del nombre del animal representado.<\/li>\n<li><strong>Ampliaci\u00f3n del vocabulario<\/strong> : Los ni\u00f1os descubrir\u00e1n animales nuevos y aprender\u00e1n sus nombres.<\/li>\n<li><strong>Clasificaci\u00f3n y asociaci\u00f3n<\/strong> : Relacionar im\u00e1genes con letras mejora la memoria visual y cognitiva.<\/li>\n<\/ul>\n<p>Este material est\u00e1 indicado para trabajar con ni\u00f1os a partir de 3 a\u00f1os (siempre teniendo en cuenta el desarrollo personal de cada ni\u00f1o)<\/p>\n","protected":false},"excerpt":{"rendered":"<p>Aprende las letras del abecedario con esta l\u00e1mina descargable que muestra may\u00fasculas, min\u00fasculas y animales ilustrados. Ideal para trabajar reconocimiento de letras, vocabulario y relaci\u00f3n letra-sonido. Perfecta para actividades educativas en casa o en el aula.<\/p>\n","protected":false},"featured_media":2504,"comment_status":"open","ping_status":"closed","template":"","meta":{"site-sidebar-layout":"default","site-content-layout":"","ast-site-content-layout":"default","site-content-style":"default","site-sidebar-style":"default","ast-global-header-display":"","ast-banner-title-visibility":"","ast-main-header-display":"","ast-hfb-above-header-display":"","ast-hfb-below-header-display":"","ast-hfb-mobile-header-display":"","site-post-title":"","ast-breadcrumbs-content":"","ast-featured-img":"","footer-sml-layout":"","theme-transparent-header-meta":"default","adv-header-id-meta":"","stick-header-meta":"","header-above-stick-meta":"","header-main-stick-meta":"","header-below-stick-meta":"","astra-migrate-meta-layouts":"set","ast-page-background-enabled":"default","ast-page-background-meta":{"desktop":{"background-color":"var(--ast-global-color-4)","background-image":"","background-repeat":"repeat","background-position":"center center","background-size":"auto","background-attachment":"scroll","background-type":"","background-media":"","overlay-type":"","overlay-color":"","overlay-gradient":""},"tablet":{"background-color":"","background-image":"","background-repeat":"repeat","background-position":"center center","background-size":"auto","background-attachment":"scroll","background-type":"","background-media":"","overlay-type":"","overlay-color":"","overlay-gradient":""},"mobile":{"background-color":"","background-image":"","background-repeat":"repeat","background-position":"center center","background-size":"auto","background-attachment":"scroll","background-type":"","background-media":"","overlay-type":"","overlay-color":"","overlay-gradient":""}},"ast-content-background-meta":{"desktop":{"background-color":"var(--ast-global-color-5)","background-image":"","background-repeat":"repeat","background-position":"center center","background-size":"auto","background-attachment":"scroll","background-type":"","background-media":"","overlay-type":"","overlay-color":"","overlay-gradient":""},"tablet":{"background-color":"var(--ast-global-color-5)","background-image":"","background-repeat":"repeat","background-position":"center center","background-size":"auto","background-attachment":"scroll","background-type":"","background-media":"","overlay-type":"","overlay-color":"","overlay-gradient":""},"mobile":{"background-color":"var(--ast-global-color-5)","background-image":"","background-repeat":"repeat","background-position":"center center","background-size":"auto","background-attachment":"scroll","background-type":"","background-media":"","overlay-type":"","overlay-color":"","overlay-gradient":""}}},"product_brand":[],"product_cat":[33,34,26,27,36],"product_tag":[],"giftcard-category":[],"class_list":{"0":"post-2501","1":"product","2":"type-product","3":"status-publish","4":"has-post-thumbnail","6":"product_cat-descargable","7":"product_cat-descargables","8":"product_cat-educacion-infantil","9":"product_cat-lectoescritura","10":"product_cat-recursos-descargables","11":"desktop-align-left","12":"tablet-align-left","13":"mobile-align-left","15":"first","16":"instock","17":"downloadable","18":"virtual","19":"purchasable","20":"product-type-simple"},"_links":{"self":[{"href":"http:\/\/diverminis.com\/index.php?rest_route=\/wp\/v2\/product\/2501","targetHints":{"allow":["GET"]}}],"collection":[{"href":"http:\/\/diverminis.com\/index.php?rest_route=\/wp\/v2\/product"}],"about":[{"href":"http:\/\/diverminis.com\/index.php?rest_route=\/wp\/v2\/types\/product"}],"replies":[{"embeddable":true,"href":"http:\/\/diverminis.com\/index.php?rest_route=%2Fwp%2Fv2%2Fcomments&post=2501"}],"wp:featuredmedia":[{"embeddable":true,"href":"http:\/\/diverminis.com\/index.php?rest_route=\/wp\/v2\/media\/2504"}],"wp:attachment":[{"href":"http:\/\/diverminis.com\/index.php?rest_route=%2Fwp%2Fv2%2Fmedia&parent=2501"}],"wp:term":[{"taxonomy":"product_brand","embeddable":true,"href":"http:\/\/diverminis.com\/index.php?rest_route=%2Fwp%2Fv2%2Fproduct_brand&post=2501"},{"taxonomy":"product_cat","embeddable":true,"href":"http:\/\/diverminis.com\/index.php?rest_route=%2Fwp%2Fv2%2Fproduct_cat&post=2501"},{"taxonomy":"product_tag","embeddable":true,"href":"http:\/\/diverminis.com\/index.php?rest_route=%2Fwp%2Fv2%2Fproduct_tag&post=2501"},{"taxonomy":"giftcard-category","embeddable":true,"href":"http:\/\/diverminis.com\/index.php?rest_route=%2Fwp%2Fv2%2Fgiftcard-category&post=2501"}],"curies":[{"name":"wp","href":"https:\/\/api.w.org\/{rel}","templated":true}]}}