{"id":2483,"date":"2024-11-21T15:12:04","date_gmt":"2024-11-21T15:12:04","guid":{"rendered":"https:\/\/diverminis.com\/?post_type=product&#038;p=2483"},"modified":"2024-11-21T15:19:51","modified_gmt":"2024-11-21T15:19:51","slug":"calendario-de-adviento","status":"publish","type":"product","link":"http:\/\/diverminis.com\/?product=calendario-de-adviento","title":{"rendered":"Calendario de Adviento"},"content":{"rendered":"<p><strong>Calendario de Adviento Creativo: momentos especiales cada d\u00eda para recibir la Navidad.\u00a0<\/strong><\/p>\n<p>Este <strong>Calendario de adviento creativo<\/strong>\u00a0es mucho m\u00e1s que una cuenta atr\u00e1s para Navidad. Dise\u00f1ado para transformar cada d\u00eda de diciembre en una experiencia \u00fanica, est\u00e1 repleto de actividades educativas y divertidas para disfrutar en familia:<\/p>\n<p>\ud83c\udfa8 <strong>Manualidades navide\u00f1as:<\/strong> Estimula la creatividad y la motricidad de los m\u00e1s peque\u00f1os.<br \/>\n\ud83e\udd14 <strong>Adivinanzas tem\u00e1ticas:<\/strong> Desaf\u00edos perfectos para aprender jugando.<br \/>\n\ud83c\udf6a <strong>Actividades sorpresa:<\/strong> Como inventar historias o crear recetas en familia.<br \/>\n\ud83c\udf81 <strong>Momentos en familia:<\/strong> Cada actividad fomenta la conexi\u00f3n y la diversi\u00f3n lejos de las pantallas.<\/p>\n<p>Con un dise\u00f1o cuidado y pr\u00e1ctico, este calendario est\u00e1 pensado para facilitar el entretenimiento de los ni\u00f1os y ni\u00f1as y llenar de magia los d\u00edas previos a Navidad, encontrando experiencias enriquecedoras y memorables para los peque\u00f1os.<\/p>\n<p>\ud83d\udccf <strong>Formato f\u00edsico:<\/strong> Incluye todo lo necesario para que lo uses desde el primer d\u00eda. Perfecto para regalar o compartir momentos especiales en casa. No tendr\u00e1s que descargar ni imprimir nada, solo recibirlo en casa y empezar a disfrutarlo.<\/p>\n<p>Haz que diciembre sea m\u00e1gico, educativo y lleno de risas con este calendario pensado para familias que buscan algo diferente. <strong>\u00a1No te quedes sin el tuyo y vive una Navidad inolvidable con tus peques!<\/strong><\/p>\n","protected":false},"excerpt":{"rendered":"<p>Calendario de Adviento\u00a0 lleno de actividades creativas, manualidades y momentos en familia. Formato f\u00edsico listo para usar. \u00a1Vive la magia de diciembre sin pantallas!<\/p>\n","protected":false},"featured_media":2491,"comment_status":"open","ping_status":"closed","template":"","meta":{"site-sidebar-layout":"default","site-content-layout":"","ast-site-content-layout":"default","site-content-style":"default","site-sidebar-style":"default","ast-global-header-display":"","ast-banner-title-visibility":"","ast-main-header-display":"","ast-hfb-above-header-display":"","ast-hfb-below-header-display":"","ast-hfb-mobile-header-display":"","site-post-title":"","ast-breadcrumbs-content":"","ast-featured-img":"","footer-sml-layout":"","theme-transparent-header-meta":"default","adv-header-id-meta":"","stick-header-meta":"","header-above-stick-meta":"","header-main-stick-meta":"","header-below-stick-meta":"","astra-migrate-meta-layouts":"set","ast-page-background-enabled":"default","ast-page-background-meta":{"desktop":{"background-color":"var(--ast-global-color-4)","background-image":"","background-repeat":"repeat","background-position":"center center","background-size":"auto","background-attachment":"scroll","background-type":"","background-media":"","overlay-type":"","overlay-color":"","overlay-gradient":""},"tablet":{"background-color":"","background-image":"","background-repeat":"repeat","background-position":"center center","background-size":"auto","background-attachment":"scroll","background-type":"","background-media":"","overlay-type":"","overlay-color":"","overlay-gradient":""},"mobile":{"background-color":"","background-image":"","background-repeat":"repeat","background-position":"center center","background-size":"auto","background-attachment":"scroll","background-type":"","background-media":"","overlay-type":"","overlay-color":"","overlay-gradient":""}},"ast-content-background-meta":{"desktop":{"background-color":"var(--ast-global-color-5)","background-image":"","background-repeat":"repeat","background-position":"center center","background-size":"auto","background-attachment":"scroll","background-type":"","background-media":"","overlay-type":"","overlay-color":"","overlay-gradient":""},"tablet":{"background-color":"var(--ast-global-color-5)","background-image":"","background-repeat":"repeat","background-position":"center center","background-size":"auto","background-attachment":"scroll","background-type":"","background-media":"","overlay-type":"","overlay-color":"","overlay-gradient":""},"mobile":{"background-color":"var(--ast-global-color-5)","background-image":"","background-repeat":"repeat","background-position":"center center","background-size":"auto","background-attachment":"scroll","background-type":"","background-media":"","overlay-type":"","overlay-color":"","overlay-gradient":""}}},"product_brand":[],"product_cat":[35,26,40,27],"product_tag":[],"giftcard-category":[],"class_list":{"0":"post-2483","1":"product","2":"type-product","3":"status-publish","4":"has-post-thumbnail","6":"product_cat-cuadernillos","7":"product_cat-educacion-infantil","8":"product_cat-educacion-primaria","9":"product_cat-lectoescritura","10":"desktop-align-left","11":"tablet-align-left","12":"mobile-align-left","14":"first","15":"instock","16":"sale","17":"shipping-taxable","18":"purchasable","19":"product-type-simple"},"_links":{"self":[{"href":"http:\/\/diverminis.com\/index.php?rest_route=\/wp\/v2\/product\/2483","targetHints":{"allow":["GET"]}}],"collection":[{"href":"http:\/\/diverminis.com\/index.php?rest_route=\/wp\/v2\/product"}],"about":[{"href":"http:\/\/diverminis.com\/index.php?rest_route=\/wp\/v2\/types\/product"}],"replies":[{"embeddable":true,"href":"http:\/\/diverminis.com\/index.php?rest_route=%2Fwp%2Fv2%2Fcomments&post=2483"}],"wp:featuredmedia":[{"embeddable":true,"href":"http:\/\/diverminis.com\/index.php?rest_route=\/wp\/v2\/media\/2491"}],"wp:attachment":[{"href":"http:\/\/diverminis.com\/index.php?rest_route=%2Fwp%2Fv2%2Fmedia&parent=2483"}],"wp:term":[{"taxonomy":"product_brand","embeddable":true,"href":"http:\/\/diverminis.com\/index.php?rest_route=%2Fwp%2Fv2%2Fproduct_brand&post=2483"},{"taxonomy":"product_cat","embeddable":true,"href":"http:\/\/diverminis.com\/index.php?rest_route=%2Fwp%2Fv2%2Fproduct_cat&post=2483"},{"taxonomy":"product_tag","embeddable":true,"href":"http:\/\/diverminis.com\/index.php?rest_route=%2Fwp%2Fv2%2Fproduct_tag&post=2483"},{"taxonomy":"giftcard-category","embeddable":true,"href":"http:\/\/diverminis.com\/index.php?rest_route=%2Fwp%2Fv2%2Fgiftcard-category&post=2483"}],"curies":[{"name":"wp","href":"https:\/\/api.w.org\/{rel}","templated":true}]}}