{"id":2456,"date":"2024-11-01T14:49:09","date_gmt":"2024-11-01T14:49:09","guid":{"rendered":"https:\/\/diverminis.com\/?post_type=product&#038;p=2456"},"modified":"2024-11-01T20:58:59","modified_gmt":"2024-11-01T20:58:59","slug":"numeros-en-accion-aprendizaje-activo-descargable","status":"publish","type":"product","link":"http:\/\/diverminis.com\/?product=numeros-en-accion-aprendizaje-activo-descargable","title":{"rendered":"N\u00fameros en Acci\u00f3n (descargable)"},"content":{"rendered":"<p>Este recurso educativo descargable est\u00e1 dise\u00f1ado para que los peques se inicien en el mundo de los n\u00fameros de una manera l\u00fadica y educativa. Cada p\u00e1gina est\u00e1 dedicada a un n\u00famero del 1 al 10 e incluye:<\/p>\n<ul>\n<li>El n\u00famero grande para identificaci\u00f3n visual.<\/li>\n<li>Una imagen de una mano que muestra la cantidad correspondiente, fomentando la asociaci\u00f3n visual y t\u00e1ctil.<\/li>\n<li>Una casilla de trazo para que los ni\u00f1os practiquen escribir el n\u00famero.<\/li>\n<li>Un espacio especial para colocar pegatinas, reforzando la relaci\u00f3n entre la cantidad y el n\u00famero.<\/li>\n<\/ul>\n<p>Este material es perfecto para usar en casa o en el aula, permitiendo un aprendizaje pr\u00e1ctico que estimula el desarrollo motor fino y la comprensi\u00f3n num\u00e9rica.<\/p>\n","protected":false},"excerpt":{"rendered":"<p>N\u00fameros en acci\u00f3n es un recurso educativo que ayuda a los ni\u00f1os a reconocer, trazar y contar los n\u00fameros del 1 al 10 con apoyo visual y actividades manipulativas, con pegatinas. \u00a1Ideal para aprender jugando!<\/p>\n<p>Este es un producto descargable.<\/p>\n<p>Este recurso educativo est\u00e1 recomendado para ni\u00f1os y ni\u00f1a a partir de 3 a\u00f1os de edad (aunque siempre debemos tener en cuenta el desarrollo individual de cada ni\u00f1o)<\/p>\n","protected":false},"featured_media":2460,"comment_status":"open","ping_status":"closed","template":"","meta":{"site-sidebar-layout":"default","site-content-layout":"","ast-site-content-layout":"default","site-content-style":"default","site-sidebar-style":"default","ast-global-header-display":"","ast-banner-title-visibility":"","ast-main-header-display":"","ast-hfb-above-header-display":"","ast-hfb-below-header-display":"","ast-hfb-mobile-header-display":"","site-post-title":"","ast-breadcrumbs-content":"","ast-featured-img":"","footer-sml-layout":"","theme-transparent-header-meta":"default","adv-header-id-meta":"","stick-header-meta":"","header-above-stick-meta":"","header-main-stick-meta":"","header-below-stick-meta":"","astra-migrate-meta-layouts":"set","ast-page-background-enabled":"default","ast-page-background-meta":{"desktop":{"background-color":"var(--ast-global-color-4)","background-image":"","background-repeat":"repeat","background-position":"center center","background-size":"auto","background-attachment":"scroll","background-type":"","background-media":"","overlay-type":"","overlay-color":"","overlay-gradient":""},"tablet":{"background-color":"","background-image":"","background-repeat":"repeat","background-position":"center center","background-size":"auto","background-attachment":"scroll","background-type":"","background-media":"","overlay-type":"","overlay-color":"","overlay-gradient":""},"mobile":{"background-color":"","background-image":"","background-repeat":"repeat","background-position":"center center","background-size":"auto","background-attachment":"scroll","background-type":"","background-media":"","overlay-type":"","overlay-color":"","overlay-gradient":""}},"ast-content-background-meta":{"desktop":{"background-color":"var(--ast-global-color-5)","background-image":"","background-repeat":"repeat","background-position":"center center","background-size":"auto","background-attachment":"scroll","background-type":"","background-media":"","overlay-type":"","overlay-color":"","overlay-gradient":""},"tablet":{"background-color":"var(--ast-global-color-5)","background-image":"","background-repeat":"repeat","background-position":"center center","background-size":"auto","background-attachment":"scroll","background-type":"","background-media":"","overlay-type":"","overlay-color":"","overlay-gradient":""},"mobile":{"background-color":"var(--ast-global-color-5)","background-image":"","background-repeat":"repeat","background-position":"center center","background-size":"auto","background-attachment":"scroll","background-type":"","background-media":"","overlay-type":"","overlay-color":"","overlay-gradient":""}}},"product_brand":[],"product_cat":[33,26,36],"product_tag":[],"giftcard-category":[],"class_list":{"0":"post-2456","1":"product","2":"type-product","3":"status-publish","4":"has-post-thumbnail","6":"product_cat-descargable","7":"product_cat-educacion-infantil","8":"product_cat-recursos-descargables","9":"desktop-align-left","10":"tablet-align-left","11":"mobile-align-left","13":"first","14":"instock","15":"downloadable","16":"virtual","17":"purchasable","18":"product-type-simple"},"_links":{"self":[{"href":"http:\/\/diverminis.com\/index.php?rest_route=\/wp\/v2\/product\/2456","targetHints":{"allow":["GET"]}}],"collection":[{"href":"http:\/\/diverminis.com\/index.php?rest_route=\/wp\/v2\/product"}],"about":[{"href":"http:\/\/diverminis.com\/index.php?rest_route=\/wp\/v2\/types\/product"}],"replies":[{"embeddable":true,"href":"http:\/\/diverminis.com\/index.php?rest_route=%2Fwp%2Fv2%2Fcomments&post=2456"}],"wp:featuredmedia":[{"embeddable":true,"href":"http:\/\/diverminis.com\/index.php?rest_route=\/wp\/v2\/media\/2460"}],"wp:attachment":[{"href":"http:\/\/diverminis.com\/index.php?rest_route=%2Fwp%2Fv2%2Fmedia&parent=2456"}],"wp:term":[{"taxonomy":"product_brand","embeddable":true,"href":"http:\/\/diverminis.com\/index.php?rest_route=%2Fwp%2Fv2%2Fproduct_brand&post=2456"},{"taxonomy":"product_cat","embeddable":true,"href":"http:\/\/diverminis.com\/index.php?rest_route=%2Fwp%2Fv2%2Fproduct_cat&post=2456"},{"taxonomy":"product_tag","embeddable":true,"href":"http:\/\/diverminis.com\/index.php?rest_route=%2Fwp%2Fv2%2Fproduct_tag&post=2456"},{"taxonomy":"giftcard-category","embeddable":true,"href":"http:\/\/diverminis.com\/index.php?rest_route=%2Fwp%2Fv2%2Fgiftcard-category&post=2456"}],"curies":[{"name":"wp","href":"https:\/\/api.w.org\/{rel}","templated":true}]}}