{"id":2433,"date":"2024-10-29T14:38:45","date_gmt":"2024-10-29T14:38:45","guid":{"rendered":"https:\/\/diverminis.com\/?post_type=product&#038;p=2433"},"modified":"2024-12-15T21:15:32","modified_gmt":"2024-12-15T21:15:32","slug":"recetas-halloween","status":"publish","type":"product","link":"http:\/\/diverminis.com\/?product=recetas-halloween","title":{"rendered":"Recetas Halloween"},"content":{"rendered":"<p>\u00a1Convierte Halloween en una oportunidad aprender jugando! Este material de recetas de cocina para Halloween est\u00e1 dise\u00f1ado para trabajar la graf\u00eda y las cantidades del 1 al 10 de forma monstruosa y entretenida. Adem\u00e1s con \u00e9l se trabajar\u00e1 el conteo de forma manipulativa, aprendiendo mientras se divierten.<\/p>\n<p>El juego est\u00e1 compuesto por 10 tarjetas en las que cada una de ellas se corresponde con una receta invitando a los peque\u00f1os a agregar ingredientes en la olla y contar de forma tangible (tocando y manipulando) haci\u00e9ndolo ideal para el desarrollo de habilidades matem\u00e1ticas b\u00e1sicas.<\/p>\n<p>Para jugar, hay que elegir una tarjeta y ir metiendo en la olla los ingredientes que necesitamos.<\/p>\n<p>Este art\u00edculo es un producto f\u00edsico que te llegar\u00e1 a casa listo para usarlo nada m\u00e1s que lo recibas, si prefieres adquirirlo en formato descargable y montarlo t\u00fa misma, vete a nuestro apartado de recursos descargables.<\/p>\n<p>Ya sea en el aula o en casa, esta actividad ese perfecta para estimular el aprendizaje.<\/p>\n<p>Este recurso est\u00e1 elaborado para trabajar con ni\u00f1os entre 3 y 6 a\u00f1os (siempre teniendo en cuenta el desarrollo personal de cada ni\u00f1o).<\/p>\n<p>\u00bfQu\u00e9 incluye?<\/p>\n<p>10 tarjetas con una receta cada una, 90 fichas de ingredientes para preparar las recetas y una olla (en la que deber\u00e1s hacer un agujero) para ir metiendo los ingredientes a la vez que se cuentan.<\/p>\n","protected":false},"excerpt":{"rendered":"<p>10 monstruosas recetas de Halloween para trabajar la graf\u00eda y la cantidad del 1 al 10.<\/p>\n<p>Divi\u00e9rtete aprendiendo con nuestras recetas de cocina para Halloween. Este material manipulativo permite a los ni\u00f1os y ni\u00f1as a trabajar el conteo de forma divertida y tangible.<\/p>\n<p>&nbsp;<\/p>\n<p>&nbsp;<\/p>\n","protected":false},"featured_media":2428,"comment_status":"open","ping_status":"closed","template":"","meta":{"site-sidebar-layout":"default","site-content-layout":"","ast-site-content-layout":"default","site-content-style":"default","site-sidebar-style":"default","ast-global-header-display":"","ast-banner-title-visibility":"","ast-main-header-display":"","ast-hfb-above-header-display":"","ast-hfb-below-header-display":"","ast-hfb-mobile-header-display":"","site-post-title":"","ast-breadcrumbs-content":"","ast-featured-img":"","footer-sml-layout":"","theme-transparent-header-meta":"default","adv-header-id-meta":"","stick-header-meta":"","header-above-stick-meta":"","header-main-stick-meta":"","header-below-stick-meta":"","astra-migrate-meta-layouts":"set","ast-page-background-enabled":"default","ast-page-background-meta":{"desktop":{"background-color":"var(--ast-global-color-4)","background-image":"","background-repeat":"repeat","background-position":"center center","background-size":"auto","background-attachment":"scroll","background-type":"","background-media":"","overlay-type":"","overlay-color":"","overlay-gradient":""},"tablet":{"background-color":"","background-image":"","background-repeat":"repeat","background-position":"center center","background-size":"auto","background-attachment":"scroll","background-type":"","background-media":"","overlay-type":"","overlay-color":"","overlay-gradient":""},"mobile":{"background-color":"","background-image":"","background-repeat":"repeat","background-position":"center center","background-size":"auto","background-attachment":"scroll","background-type":"","background-media":"","overlay-type":"","overlay-color":"","overlay-gradient":""}},"ast-content-background-meta":{"desktop":{"background-color":"var(--ast-global-color-5)","background-image":"","background-repeat":"repeat","background-position":"center center","background-size":"auto","background-attachment":"scroll","background-type":"","background-media":"","overlay-type":"","overlay-color":"","overlay-gradient":""},"tablet":{"background-color":"var(--ast-global-color-5)","background-image":"","background-repeat":"repeat","background-position":"center center","background-size":"auto","background-attachment":"scroll","background-type":"","background-media":"","overlay-type":"","overlay-color":"","overlay-gradient":""},"mobile":{"background-color":"var(--ast-global-color-5)","background-image":"","background-repeat":"repeat","background-position":"center center","background-size":"auto","background-attachment":"scroll","background-type":"","background-media":"","overlay-type":"","overlay-color":"","overlay-gradient":""}}},"product_brand":[],"product_cat":[35,26,40,67,27],"product_tag":[],"giftcard-category":[],"class_list":{"0":"post-2433","1":"product","2":"type-product","3":"status-publish","4":"has-post-thumbnail","6":"product_cat-cuadernillos","7":"product_cat-educacion-infantil","8":"product_cat-educacion-primaria","9":"product_cat-juegos-educativos","10":"product_cat-lectoescritura","11":"desktop-align-left","12":"tablet-align-left","13":"mobile-align-left","15":"first","16":"instock","17":"shipping-taxable","18":"purchasable","19":"product-type-simple"},"_links":{"self":[{"href":"http:\/\/diverminis.com\/index.php?rest_route=\/wp\/v2\/product\/2433","targetHints":{"allow":["GET"]}}],"collection":[{"href":"http:\/\/diverminis.com\/index.php?rest_route=\/wp\/v2\/product"}],"about":[{"href":"http:\/\/diverminis.com\/index.php?rest_route=\/wp\/v2\/types\/product"}],"replies":[{"embeddable":true,"href":"http:\/\/diverminis.com\/index.php?rest_route=%2Fwp%2Fv2%2Fcomments&post=2433"}],"wp:featuredmedia":[{"embeddable":true,"href":"http:\/\/diverminis.com\/index.php?rest_route=\/wp\/v2\/media\/2428"}],"wp:attachment":[{"href":"http:\/\/diverminis.com\/index.php?rest_route=%2Fwp%2Fv2%2Fmedia&parent=2433"}],"wp:term":[{"taxonomy":"product_brand","embeddable":true,"href":"http:\/\/diverminis.com\/index.php?rest_route=%2Fwp%2Fv2%2Fproduct_brand&post=2433"},{"taxonomy":"product_cat","embeddable":true,"href":"http:\/\/diverminis.com\/index.php?rest_route=%2Fwp%2Fv2%2Fproduct_cat&post=2433"},{"taxonomy":"product_tag","embeddable":true,"href":"http:\/\/diverminis.com\/index.php?rest_route=%2Fwp%2Fv2%2Fproduct_tag&post=2433"},{"taxonomy":"giftcard-category","embeddable":true,"href":"http:\/\/diverminis.com\/index.php?rest_route=%2Fwp%2Fv2%2Fgiftcard-category&post=2433"}],"curies":[{"name":"wp","href":"https:\/\/api.w.org\/{rel}","templated":true}]}}