{"id":2421,"date":"2024-10-27T15:54:57","date_gmt":"2024-10-27T15:54:57","guid":{"rendered":"https:\/\/diverminis.com\/?post_type=product&#038;p=2421"},"modified":"2024-12-15T21:15:32","modified_gmt":"2024-12-15T21:15:32","slug":"bingo-halloween","status":"publish","type":"product","link":"http:\/\/diverminis.com\/?product=bingo-halloween","title":{"rendered":"Bingo Halloween"},"content":{"rendered":"<p>Bingo de Halloween para pasar un rato de diversi\u00f3n y aprendizaje. Este juego est\u00e1 dise\u00f1ado para desarrollar la atenci\u00f3n, el vocabulario y las habilidades de observaci\u00f3n de los peques mientras disfrutan de Halloween.<\/p>\n<p>Cada\u00a0 tarjeta de bingo incluye im\u00e1genes tem\u00e1ticas relacionadas con Halloween, perfectas para familiarizarlos con personajes y objetos t\u00edpicos de esta \u00e9poca.<\/p>\n<p>Este recurso est\u00e1 recomendado tanto para usar en casa con nuestros hijos e hijas como en las aulas con vuestros alumnos y alumnas.<\/p>\n<p>El bingo de Halloween est\u00e1 pensado para trabajar con ni\u00f1os entre 3 y 6 a\u00f1os\u00a0 (pero siempre debemos tener en cuenta el ritmo de cada ni\u00f1o o ni\u00f1a)<\/p>\n<p>Este producto es un producto f\u00edsico que te llegar\u00e1 montado y listo para poder usarlo en cuanto te llegue a casa. Si lo quieres adquirir en formato descargable, deber\u00e1s ir a nuestros productos descargables y adquirirlo ah\u00ed.<\/p>\n","protected":false},"excerpt":{"rendered":"<p>Bingo Halloween, un juego divertido y educativo para trabajar tanto el vocabulario como la atenci\u00f3n y todo ello relacionado con la tem\u00e1tica de esta \u00e9poca.<\/p>\n<p>Incluye:<\/p>\n<ul>\n<li>Un documento en PDF con las instrucciones del juego.<\/li>\n<li>Un documento en PDF con 8 Cartones de bingo<\/li>\n<li>Un documento en PDF con\u00a0 las dichas que deber\u00e1s cortar para jugar con los cartones de Bingo.<\/li>\n<\/ul>\n","protected":false},"featured_media":2422,"comment_status":"open","ping_status":"closed","template":"","meta":{"site-sidebar-layout":"default","site-content-layout":"","ast-site-content-layout":"default","site-content-style":"default","site-sidebar-style":"default","ast-global-header-display":"","ast-banner-title-visibility":"","ast-main-header-display":"","ast-hfb-above-header-display":"","ast-hfb-below-header-display":"","ast-hfb-mobile-header-display":"","site-post-title":"","ast-breadcrumbs-content":"","ast-featured-img":"","footer-sml-layout":"","theme-transparent-header-meta":"default","adv-header-id-meta":"","stick-header-meta":"","header-above-stick-meta":"","header-main-stick-meta":"","header-below-stick-meta":"","astra-migrate-meta-layouts":"set","ast-page-background-enabled":"default","ast-page-background-meta":{"desktop":{"background-color":"var(--ast-global-color-4)","background-image":"","background-repeat":"repeat","background-position":"center center","background-size":"auto","background-attachment":"scroll","background-type":"","background-media":"","overlay-type":"","overlay-color":"","overlay-gradient":""},"tablet":{"background-color":"","background-image":"","background-repeat":"repeat","background-position":"center center","background-size":"auto","background-attachment":"scroll","background-type":"","background-media":"","overlay-type":"","overlay-color":"","overlay-gradient":""},"mobile":{"background-color":"","background-image":"","background-repeat":"repeat","background-position":"center center","background-size":"auto","background-attachment":"scroll","background-type":"","background-media":"","overlay-type":"","overlay-color":"","overlay-gradient":""}},"ast-content-background-meta":{"desktop":{"background-color":"var(--ast-global-color-5)","background-image":"","background-repeat":"repeat","background-position":"center center","background-size":"auto","background-attachment":"scroll","background-type":"","background-media":"","overlay-type":"","overlay-color":"","overlay-gradient":""},"tablet":{"background-color":"var(--ast-global-color-5)","background-image":"","background-repeat":"repeat","background-position":"center center","background-size":"auto","background-attachment":"scroll","background-type":"","background-media":"","overlay-type":"","overlay-color":"","overlay-gradient":""},"mobile":{"background-color":"var(--ast-global-color-5)","background-image":"","background-repeat":"repeat","background-position":"center center","background-size":"auto","background-attachment":"scroll","background-type":"","background-media":"","overlay-type":"","overlay-color":"","overlay-gradient":""}}},"product_brand":[],"product_cat":[35,26,40,67],"product_tag":[],"giftcard-category":[],"class_list":{"0":"post-2421","1":"product","2":"type-product","3":"status-publish","4":"has-post-thumbnail","6":"product_cat-cuadernillos","7":"product_cat-educacion-infantil","8":"product_cat-educacion-primaria","9":"product_cat-juegos-educativos","10":"desktop-align-left","11":"tablet-align-left","12":"mobile-align-left","14":"first","15":"instock","16":"shipping-taxable","17":"purchasable","18":"product-type-simple"},"_links":{"self":[{"href":"http:\/\/diverminis.com\/index.php?rest_route=\/wp\/v2\/product\/2421","targetHints":{"allow":["GET"]}}],"collection":[{"href":"http:\/\/diverminis.com\/index.php?rest_route=\/wp\/v2\/product"}],"about":[{"href":"http:\/\/diverminis.com\/index.php?rest_route=\/wp\/v2\/types\/product"}],"replies":[{"embeddable":true,"href":"http:\/\/diverminis.com\/index.php?rest_route=%2Fwp%2Fv2%2Fcomments&post=2421"}],"wp:featuredmedia":[{"embeddable":true,"href":"http:\/\/diverminis.com\/index.php?rest_route=\/wp\/v2\/media\/2422"}],"wp:attachment":[{"href":"http:\/\/diverminis.com\/index.php?rest_route=%2Fwp%2Fv2%2Fmedia&parent=2421"}],"wp:term":[{"taxonomy":"product_brand","embeddable":true,"href":"http:\/\/diverminis.com\/index.php?rest_route=%2Fwp%2Fv2%2Fproduct_brand&post=2421"},{"taxonomy":"product_cat","embeddable":true,"href":"http:\/\/diverminis.com\/index.php?rest_route=%2Fwp%2Fv2%2Fproduct_cat&post=2421"},{"taxonomy":"product_tag","embeddable":true,"href":"http:\/\/diverminis.com\/index.php?rest_route=%2Fwp%2Fv2%2Fproduct_tag&post=2421"},{"taxonomy":"giftcard-category","embeddable":true,"href":"http:\/\/diverminis.com\/index.php?rest_route=%2Fwp%2Fv2%2Fgiftcard-category&post=2421"}],"curies":[{"name":"wp","href":"https:\/\/api.w.org\/{rel}","templated":true}]}}