{"id":2386,"date":"2024-10-03T11:52:20","date_gmt":"2024-10-03T11:52:20","guid":{"rendered":"https:\/\/diverminis.com\/?post_type=product&#038;p=2386"},"modified":"2024-10-03T11:52:20","modified_gmt":"2024-10-03T11:52:20","slug":"pack-otono","status":"publish","type":"product","link":"http:\/\/diverminis.com\/?product=pack-otono","title":{"rendered":"Pack oto\u00f1o"},"content":{"rendered":"<p>Este pack del oto\u00f1o permitir\u00e1 a vuestros peques aprender vocabulario, los n\u00fameros, las letras, a contar&#8230;y todo ello ambientando en esta estaci\u00f3n.<\/p>\n<p>Este pack incluye:<\/p>\n<ul>\n<li>El cuadernillo del oto\u00f1o: este cuadernillo plantea actividades diferentes como el trabajo con sobras, los trazos y la grafomotricidad, sumas, conteo&#8230;<\/li>\n<li>Cartas del abecedario de oto\u00f1o: 27 cartas, cada una de ellas con una letra e im\u00e1genes reacinaodas con el oto\u00f1o.<\/li>\n<li>Cartas relaci\u00f3n n\u00famero &#8211; cantidad: 15 cartas con los n\u00fameros del 1 al 15 donde se asocia el n\u00famero a una cantidad con im\u00e1genes oto\u00f1ales.<\/li>\n<li>Cartas conteo oto\u00f1o: 15 cartas donde deber\u00e1n trabajar el conteo rodeando la cantidad correcta.<\/li>\n<li>L\u00e1mina decorativa en A4 con al abecedario e im\u00e1genes oto\u00f1oales.<\/li>\n<\/ul>\n","protected":false},"excerpt":{"rendered":"<p>Este pack del oto\u00f1o permitir\u00e1 a vuestros peques aprender vocabulario, los n\u00fameros, las letras, a contar&#8230;y todo ello ambientando en esta estaci\u00f3n. Este pack incluye: El cuadernillo del oto\u00f1o: este cuadernillo plantea actividades diferentes como el trabajo con sobras, los trazos y la grafomotricidad, sumas, conteo&#8230; Cartas del abecedario de oto\u00f1o: 27 cartas, cada una [&hellip;]<\/p>\n","protected":false},"featured_media":2388,"comment_status":"open","ping_status":"closed","template":"","meta":{"site-sidebar-layout":"default","site-content-layout":"","ast-site-content-layout":"default","site-content-style":"default","site-sidebar-style":"default","ast-global-header-display":"","ast-banner-title-visibility":"","ast-main-header-display":"","ast-hfb-above-header-display":"","ast-hfb-below-header-display":"","ast-hfb-mobile-header-display":"","site-post-title":"","ast-breadcrumbs-content":"","ast-featured-img":"","footer-sml-layout":"","theme-transparent-header-meta":"default","adv-header-id-meta":"","stick-header-meta":"","header-above-stick-meta":"","header-main-stick-meta":"","header-below-stick-meta":"","astra-migrate-meta-layouts":"set","ast-page-background-enabled":"default","ast-page-background-meta":{"desktop":{"background-color":"var(--ast-global-color-4)","background-image":"","background-repeat":"repeat","background-position":"center center","background-size":"auto","background-attachment":"scroll","background-type":"","background-media":"","overlay-type":"","overlay-color":"","overlay-gradient":""},"tablet":{"background-color":"","background-image":"","background-repeat":"repeat","background-position":"center center","background-size":"auto","background-attachment":"scroll","background-type":"","background-media":"","overlay-type":"","overlay-color":"","overlay-gradient":""},"mobile":{"background-color":"","background-image":"","background-repeat":"repeat","background-position":"center center","background-size":"auto","background-attachment":"scroll","background-type":"","background-media":"","overlay-type":"","overlay-color":"","overlay-gradient":""}},"ast-content-background-meta":{"desktop":{"background-color":"var(--ast-global-color-5)","background-image":"","background-repeat":"repeat","background-position":"center center","background-size":"auto","background-attachment":"scroll","background-type":"","background-media":"","overlay-type":"","overlay-color":"","overlay-gradient":""},"tablet":{"background-color":"var(--ast-global-color-5)","background-image":"","background-repeat":"repeat","background-position":"center center","background-size":"auto","background-attachment":"scroll","background-type":"","background-media":"","overlay-type":"","overlay-color":"","overlay-gradient":""},"mobile":{"background-color":"var(--ast-global-color-5)","background-image":"","background-repeat":"repeat","background-position":"center center","background-size":"auto","background-attachment":"scroll","background-type":"","background-media":"","overlay-type":"","overlay-color":"","overlay-gradient":""}}},"product_brand":[],"product_cat":[35,26,40],"product_tag":[],"giftcard-category":[],"class_list":{"0":"post-2386","1":"product","2":"type-product","3":"status-publish","4":"has-post-thumbnail","6":"product_cat-cuadernillos","7":"product_cat-educacion-infantil","8":"product_cat-educacion-primaria","9":"desktop-align-left","10":"tablet-align-left","11":"mobile-align-left","13":"first","14":"instock","15":"shipping-taxable","16":"purchasable","17":"product-type-simple"},"_links":{"self":[{"href":"http:\/\/diverminis.com\/index.php?rest_route=\/wp\/v2\/product\/2386","targetHints":{"allow":["GET"]}}],"collection":[{"href":"http:\/\/diverminis.com\/index.php?rest_route=\/wp\/v2\/product"}],"about":[{"href":"http:\/\/diverminis.com\/index.php?rest_route=\/wp\/v2\/types\/product"}],"replies":[{"embeddable":true,"href":"http:\/\/diverminis.com\/index.php?rest_route=%2Fwp%2Fv2%2Fcomments&post=2386"}],"wp:featuredmedia":[{"embeddable":true,"href":"http:\/\/diverminis.com\/index.php?rest_route=\/wp\/v2\/media\/2388"}],"wp:attachment":[{"href":"http:\/\/diverminis.com\/index.php?rest_route=%2Fwp%2Fv2%2Fmedia&parent=2386"}],"wp:term":[{"taxonomy":"product_brand","embeddable":true,"href":"http:\/\/diverminis.com\/index.php?rest_route=%2Fwp%2Fv2%2Fproduct_brand&post=2386"},{"taxonomy":"product_cat","embeddable":true,"href":"http:\/\/diverminis.com\/index.php?rest_route=%2Fwp%2Fv2%2Fproduct_cat&post=2386"},{"taxonomy":"product_tag","embeddable":true,"href":"http:\/\/diverminis.com\/index.php?rest_route=%2Fwp%2Fv2%2Fproduct_tag&post=2386"},{"taxonomy":"giftcard-category","embeddable":true,"href":"http:\/\/diverminis.com\/index.php?rest_route=%2Fwp%2Fv2%2Fgiftcard-category&post=2386"}],"curies":[{"name":"wp","href":"https:\/\/api.w.org\/{rel}","templated":true}]}}