{"id":2281,"date":"2024-08-27T14:42:25","date_gmt":"2024-08-27T14:42:25","guid":{"rendered":"https:\/\/diverminis.com\/?post_type=product&#038;p=2281"},"modified":"2024-12-18T14:56:44","modified_gmt":"2024-12-18T14:56:44","slug":"plantilla-rutinas-nina-2","status":"publish","type":"product","link":"http:\/\/diverminis.com\/?product=plantilla-rutinas-nina-2","title":{"rendered":"Plantilla rutinas ni\u00f1a"},"content":{"rendered":"<h2><span>Plantillas de Rutinas para Ni\u00f1os y Ni\u00f1as: Organiza su D\u00eda y Fomenta su Autonom\u00eda<\/span><\/h2>\n<p><span>Las rutinas son fundamentales en el d\u00eda a d\u00eda de nuestros hijos e hijas. Contar con un horario estructurado y organizado les aporta seguridad, ya que saben cu\u00e1l ser\u00e1 la siguiente acci\u00f3n que deben realizar.<\/span><\/p>\n<p><strong><span>\u00bfPor qu\u00e9 son importantes las plantillas de rutinas?<\/span><\/strong><br \/>\n<span> Introducir plantillas de rutinas desde edades tempranas no solo ayuda a los ni\u00f1os y ni\u00f1as a crear h\u00e1bitos saludables, sino que tambi\u00e9n fomenta su autonom\u00eda y les ense\u00f1a a gestionar su tiempo de manera eficiente.<\/span><\/p>\n<p><span>Con nuestras <\/span><strong><span>plantillas de rutinas<\/span><\/strong><span>, podr\u00e9is adaptar cada actividad seg\u00fan vuestro d\u00eda a d\u00eda, organizando tareas de forma sencilla y visual. Son ideales para ayudar a los m\u00e1s peque\u00f1os a interiorizar las rutinas de forma divertida y efectiva.<\/span><\/p>\n<h3><span>Caracter\u00edsticas del producto:<\/span><\/h3>\n<ul>\n<li><strong><span>F\u00edsico y duradero:<\/span><\/strong><span> Este producto es un art\u00edculo f\u00edsico, dise\u00f1ado para resistir el uso diario.<\/span><\/li>\n<li><strong><span>Recurso descargable disponible:<\/span><\/strong><span> Si prefieres adquirirlo como recurso en formato PDF, puedes buscarlo en la secci\u00f3n de recursos descargables, disponible en el men\u00fa desplegable.<\/span><\/li>\n<\/ul>\n<p><span>Empieza hoy mismo a organizar las rutinas de tus hijos con estas plantillas que les ayudar\u00e1n a crecer con confianza y autonom\u00eda.<\/span><\/p>\n","protected":false},"excerpt":{"rendered":"<p><strong><span>Organiza el d\u00eda de tus hijos e hijas con nuestras plantillas de rutinas.<\/span><\/strong><span> Ayudan a crear h\u00e1bitos, fomentan su autonom\u00eda y aportan seguridad al saber qu\u00e9 actividad sigue. Disponible en formato f\u00edsico y como recurso descargable en el men\u00fa desplegable<\/span><\/p>\n","protected":false},"featured_media":2262,"comment_status":"open","ping_status":"closed","template":"","meta":{"site-sidebar-layout":"default","site-content-layout":"","ast-site-content-layout":"default","site-content-style":"default","site-sidebar-style":"default","ast-global-header-display":"","ast-banner-title-visibility":"","ast-main-header-display":"","ast-hfb-above-header-display":"","ast-hfb-below-header-display":"","ast-hfb-mobile-header-display":"","site-post-title":"","ast-breadcrumbs-content":"","ast-featured-img":"","footer-sml-layout":"","theme-transparent-header-meta":"default","adv-header-id-meta":"","stick-header-meta":"","header-above-stick-meta":"","header-main-stick-meta":"","header-below-stick-meta":"","astra-migrate-meta-layouts":"set","ast-page-background-enabled":"default","ast-page-background-meta":{"desktop":{"background-color":"var(--ast-global-color-4)","background-image":"","background-repeat":"repeat","background-position":"center center","background-size":"auto","background-attachment":"scroll","background-type":"","background-media":"","overlay-type":"","overlay-color":"","overlay-gradient":""},"tablet":{"background-color":"","background-image":"","background-repeat":"repeat","background-position":"center center","background-size":"auto","background-attachment":"scroll","background-type":"","background-media":"","overlay-type":"","overlay-color":"","overlay-gradient":""},"mobile":{"background-color":"","background-image":"","background-repeat":"repeat","background-position":"center center","background-size":"auto","background-attachment":"scroll","background-type":"","background-media":"","overlay-type":"","overlay-color":"","overlay-gradient":""}},"ast-content-background-meta":{"desktop":{"background-color":"var(--ast-global-color-5)","background-image":"","background-repeat":"repeat","background-position":"center center","background-size":"auto","background-attachment":"scroll","background-type":"","background-media":"","overlay-type":"","overlay-color":"","overlay-gradient":""},"tablet":{"background-color":"var(--ast-global-color-5)","background-image":"","background-repeat":"repeat","background-position":"center center","background-size":"auto","background-attachment":"scroll","background-type":"","background-media":"","overlay-type":"","overlay-color":"","overlay-gradient":""},"mobile":{"background-color":"var(--ast-global-color-5)","background-image":"","background-repeat":"repeat","background-position":"center center","background-size":"auto","background-attachment":"scroll","background-type":"","background-media":"","overlay-type":"","overlay-color":"","overlay-gradient":""}}},"product_brand":[],"product_cat":[35,26,40],"product_tag":[],"giftcard-category":[],"class_list":{"0":"post-2281","1":"product","2":"type-product","3":"status-publish","4":"has-post-thumbnail","6":"product_cat-cuadernillos","7":"product_cat-educacion-infantil","8":"product_cat-educacion-primaria","9":"desktop-align-left","10":"tablet-align-left","11":"mobile-align-left","13":"first","14":"instock","15":"sale","16":"shipping-taxable","17":"purchasable","18":"product-type-simple"},"_links":{"self":[{"href":"http:\/\/diverminis.com\/index.php?rest_route=\/wp\/v2\/product\/2281","targetHints":{"allow":["GET"]}}],"collection":[{"href":"http:\/\/diverminis.com\/index.php?rest_route=\/wp\/v2\/product"}],"about":[{"href":"http:\/\/diverminis.com\/index.php?rest_route=\/wp\/v2\/types\/product"}],"replies":[{"embeddable":true,"href":"http:\/\/diverminis.com\/index.php?rest_route=%2Fwp%2Fv2%2Fcomments&post=2281"}],"wp:featuredmedia":[{"embeddable":true,"href":"http:\/\/diverminis.com\/index.php?rest_route=\/wp\/v2\/media\/2262"}],"wp:attachment":[{"href":"http:\/\/diverminis.com\/index.php?rest_route=%2Fwp%2Fv2%2Fmedia&parent=2281"}],"wp:term":[{"taxonomy":"product_brand","embeddable":true,"href":"http:\/\/diverminis.com\/index.php?rest_route=%2Fwp%2Fv2%2Fproduct_brand&post=2281"},{"taxonomy":"product_cat","embeddable":true,"href":"http:\/\/diverminis.com\/index.php?rest_route=%2Fwp%2Fv2%2Fproduct_cat&post=2281"},{"taxonomy":"product_tag","embeddable":true,"href":"http:\/\/diverminis.com\/index.php?rest_route=%2Fwp%2Fv2%2Fproduct_tag&post=2281"},{"taxonomy":"giftcard-category","embeddable":true,"href":"http:\/\/diverminis.com\/index.php?rest_route=%2Fwp%2Fv2%2Fgiftcard-category&post=2281"}],"curies":[{"name":"wp","href":"https:\/\/api.w.org\/{rel}","templated":true}]}}