{"id":2253,"date":"2024-08-26T11:39:08","date_gmt":"2024-08-26T11:39:08","guid":{"rendered":"https:\/\/diverminis.com\/?post_type=product&#038;p=2253"},"modified":"2024-08-26T11:43:34","modified_gmt":"2024-08-26T11:43:34","slug":"deportes","status":"publish","type":"product","link":"http:\/\/diverminis.com\/?product=deportes","title":{"rendered":"Deportes"},"content":{"rendered":"<p>10 l\u00e1minas de deportes: f\u00fatbol, atletismo, gimnasia art\u00edstica, nataci\u00f3n, tenis,\u00a0 f\u00f3rmula 1, h\u00edpica, ciclismo, baloncesto y esqu\u00ed. En cada una de las l\u00e1minas deber\u00e1n colocar 6 fichas por cada deporte.<\/p>\n","protected":false},"excerpt":{"rendered":"<div class=\"woocommerce-product-details__short-description\">\n<p>10 divertidas l\u00e1minas para trabajar los deportes y el vocabulario.<\/p>\n<\/div>\n<form class=\"cart\" action=\"https:\/\/diverminis.com\/?product=oficios\" enctype=\"multipart\/form-data\" method=\"post\">\n<div id=\"yith-wapo-container\" class=\"yith-wapo-container yith-wapo-form-style-theme\" data-product-price=\"14.95\" data-default-product-price=\"14.95\" data-product-id=\"1976\"><\/div>\n<div class=\"quantity buttons_added\"><\/div>\n<\/form>\n","protected":false},"featured_media":2254,"comment_status":"open","ping_status":"closed","template":"","meta":{"site-sidebar-layout":"default","site-content-layout":"","ast-site-content-layout":"default","site-content-style":"default","site-sidebar-style":"default","ast-global-header-display":"","ast-banner-title-visibility":"","ast-main-header-display":"","ast-hfb-above-header-display":"","ast-hfb-below-header-display":"","ast-hfb-mobile-header-display":"","site-post-title":"","ast-breadcrumbs-content":"","ast-featured-img":"","footer-sml-layout":"","theme-transparent-header-meta":"default","adv-header-id-meta":"","stick-header-meta":"","header-above-stick-meta":"","header-main-stick-meta":"","header-below-stick-meta":"","astra-migrate-meta-layouts":"set","ast-page-background-enabled":"default","ast-page-background-meta":{"desktop":{"background-color":"var(--ast-global-color-4)","background-image":"","background-repeat":"repeat","background-position":"center center","background-size":"auto","background-attachment":"scroll","background-type":"","background-media":"","overlay-type":"","overlay-color":"","overlay-gradient":""},"tablet":{"background-color":"","background-image":"","background-repeat":"repeat","background-position":"center center","background-size":"auto","background-attachment":"scroll","background-type":"","background-media":"","overlay-type":"","overlay-color":"","overlay-gradient":""},"mobile":{"background-color":"","background-image":"","background-repeat":"repeat","background-position":"center center","background-size":"auto","background-attachment":"scroll","background-type":"","background-media":"","overlay-type":"","overlay-color":"","overlay-gradient":""}},"ast-content-background-meta":{"desktop":{"background-color":"var(--ast-global-color-5)","background-image":"","background-repeat":"repeat","background-position":"center center","background-size":"auto","background-attachment":"scroll","background-type":"","background-media":"","overlay-type":"","overlay-color":"","overlay-gradient":""},"tablet":{"background-color":"var(--ast-global-color-5)","background-image":"","background-repeat":"repeat","background-position":"center center","background-size":"auto","background-attachment":"scroll","background-type":"","background-media":"","overlay-type":"","overlay-color":"","overlay-gradient":""},"mobile":{"background-color":"var(--ast-global-color-5)","background-image":"","background-repeat":"repeat","background-position":"center center","background-size":"auto","background-attachment":"scroll","background-type":"","background-media":"","overlay-type":"","overlay-color":"","overlay-gradient":""}}},"product_brand":[],"product_cat":[35,26,40],"product_tag":[],"giftcard-category":[],"class_list":{"0":"post-2253","1":"product","2":"type-product","3":"status-publish","4":"has-post-thumbnail","6":"product_cat-cuadernillos","7":"product_cat-educacion-infantil","8":"product_cat-educacion-primaria","9":"desktop-align-left","10":"tablet-align-left","11":"mobile-align-left","13":"first","14":"instock","15":"shipping-taxable","16":"purchasable","17":"product-type-simple"},"_links":{"self":[{"href":"http:\/\/diverminis.com\/index.php?rest_route=\/wp\/v2\/product\/2253","targetHints":{"allow":["GET"]}}],"collection":[{"href":"http:\/\/diverminis.com\/index.php?rest_route=\/wp\/v2\/product"}],"about":[{"href":"http:\/\/diverminis.com\/index.php?rest_route=\/wp\/v2\/types\/product"}],"replies":[{"embeddable":true,"href":"http:\/\/diverminis.com\/index.php?rest_route=%2Fwp%2Fv2%2Fcomments&post=2253"}],"wp:featuredmedia":[{"embeddable":true,"href":"http:\/\/diverminis.com\/index.php?rest_route=\/wp\/v2\/media\/2254"}],"wp:attachment":[{"href":"http:\/\/diverminis.com\/index.php?rest_route=%2Fwp%2Fv2%2Fmedia&parent=2253"}],"wp:term":[{"taxonomy":"product_brand","embeddable":true,"href":"http:\/\/diverminis.com\/index.php?rest_route=%2Fwp%2Fv2%2Fproduct_brand&post=2253"},{"taxonomy":"product_cat","embeddable":true,"href":"http:\/\/diverminis.com\/index.php?rest_route=%2Fwp%2Fv2%2Fproduct_cat&post=2253"},{"taxonomy":"product_tag","embeddable":true,"href":"http:\/\/diverminis.com\/index.php?rest_route=%2Fwp%2Fv2%2Fproduct_tag&post=2253"},{"taxonomy":"giftcard-category","embeddable":true,"href":"http:\/\/diverminis.com\/index.php?rest_route=%2Fwp%2Fv2%2Fgiftcard-category&post=2253"}],"curies":[{"name":"wp","href":"https:\/\/api.w.org\/{rel}","templated":true}]}}