{"id":1844,"date":"2024-05-10T13:37:29","date_gmt":"2024-05-10T13:37:29","guid":{"rendered":"https:\/\/diverminis.com\/?post_type=product&#038;p=1844"},"modified":"2024-05-10T13:37:30","modified_gmt":"2024-05-10T13:37:30","slug":"cartas-de-animales","status":"publish","type":"product","link":"http:\/\/diverminis.com\/?product=cartas-de-animales","title":{"rendered":"Cartas de animales"},"content":{"rendered":"<p>80 cartas de animales totalmente plastificadas. Est\u00e1n clasificadas en animales mam\u00edferos, aves, peces, reptiles, anfibios e invertebrados.<\/p>\n<p>Adem\u00e1s todas ellas, llevan el nombre de cada animal escrito, por lo que no solo las podremos usar con las m\u00e1s y las m\u00e1s peques de la casa para que aprendan vocabulario, sino que tambi\u00e9n los podremos trabajar con ni\u00f1os y ni\u00f1as m\u00e1s mayores para trabajar el reconocimiento de letras y la clasificaci\u00f3n de animales.<\/p>\n<p>Vienen en una bonita caja met\u00e1lica para poder guardarlas y llevarlas a todos los lados.<\/p>\n<p>Las caja contiene los siguientes animales: perro, gato, zarig\u00fcella, rinocerontes, yak, camello, cabra, orangut\u00e1n, koala, reno, jirafa, osa panda, oso pardo, leopardo, le\u00f3n, narval ciervo, delf\u00edn, l\u00e9mur, canguro, orca, suricata, zorro, vaca, toro, ardilla, foca, cebra, hipop\u00f3tamo, elefante, gorila, yegua, jabal\u00ed, burro, impala, oveja, hamster, cerdo, wombat, wapit\u00ed, \u00f1u, nutria, xif\u00f3foro, tibur\u00f3n, caballito de mar, iguana, serpiente, tortuga, cocodrilo, lagartija, gallina, gallo, pavo real, pato, ping\u00fcino, periquito, loro, buitre, b\u00faho, paloma, avestruz, pavo, fais\u00e1n,, flamenco, kiwi, medusa, abeja, ara\u00f1a, caracol, escorpi\u00f3n, hormiga, avispa, \u00f1ocla, mariposa, pulpo, estrella de mar, salamandra, ajolote, rana, sapo.<\/p>\n","protected":false},"excerpt":{"rendered":"<p>80 cartas de animales para trabajar desde vocabulario, lectoescritura hasta la clasificaci\u00f3n de animales.<\/p>\n<p>&nbsp;<\/p>\n","protected":false},"featured_media":1853,"comment_status":"open","ping_status":"closed","template":"","meta":{"site-sidebar-layout":"default","site-content-layout":"","ast-site-content-layout":"default","site-content-style":"default","site-sidebar-style":"default","ast-global-header-display":"","ast-banner-title-visibility":"","ast-main-header-display":"","ast-hfb-above-header-display":"","ast-hfb-below-header-display":"","ast-hfb-mobile-header-display":"","site-post-title":"","ast-breadcrumbs-content":"","ast-featured-img":"","footer-sml-layout":"","theme-transparent-header-meta":"default","adv-header-id-meta":"","stick-header-meta":"","header-above-stick-meta":"","header-main-stick-meta":"","header-below-stick-meta":"","astra-migrate-meta-layouts":"set","ast-page-background-enabled":"default","ast-page-background-meta":{"desktop":{"background-color":"var(--ast-global-color-4)","background-image":"","background-repeat":"repeat","background-position":"center center","background-size":"auto","background-attachment":"scroll","background-type":"","background-media":"","overlay-type":"","overlay-color":"","overlay-gradient":""},"tablet":{"background-color":"","background-image":"","background-repeat":"repeat","background-position":"center center","background-size":"auto","background-attachment":"scroll","background-type":"","background-media":"","overlay-type":"","overlay-color":"","overlay-gradient":""},"mobile":{"background-color":"","background-image":"","background-repeat":"repeat","background-position":"center center","background-size":"auto","background-attachment":"scroll","background-type":"","background-media":"","overlay-type":"","overlay-color":"","overlay-gradient":""}},"ast-content-background-meta":{"desktop":{"background-color":"var(--ast-global-color-5)","background-image":"","background-repeat":"repeat","background-position":"center center","background-size":"auto","background-attachment":"scroll","background-type":"","background-media":"","overlay-type":"","overlay-color":"","overlay-gradient":""},"tablet":{"background-color":"var(--ast-global-color-5)","background-image":"","background-repeat":"repeat","background-position":"center center","background-size":"auto","background-attachment":"scroll","background-type":"","background-media":"","overlay-type":"","overlay-color":"","overlay-gradient":""},"mobile":{"background-color":"var(--ast-global-color-5)","background-image":"","background-repeat":"repeat","background-position":"center center","background-size":"auto","background-attachment":"scroll","background-type":"","background-media":"","overlay-type":"","overlay-color":"","overlay-gradient":""}}},"product_brand":[],"product_cat":[35,26,40],"product_tag":[],"giftcard-category":[],"class_list":{"0":"post-1844","1":"product","2":"type-product","3":"status-publish","4":"has-post-thumbnail","6":"product_cat-cuadernillos","7":"product_cat-educacion-infantil","8":"product_cat-educacion-primaria","9":"desktop-align-left","10":"tablet-align-left","11":"mobile-align-left","13":"first","14":"instock","15":"shipping-taxable","16":"purchasable","17":"product-type-simple"},"_links":{"self":[{"href":"http:\/\/diverminis.com\/index.php?rest_route=\/wp\/v2\/product\/1844","targetHints":{"allow":["GET"]}}],"collection":[{"href":"http:\/\/diverminis.com\/index.php?rest_route=\/wp\/v2\/product"}],"about":[{"href":"http:\/\/diverminis.com\/index.php?rest_route=\/wp\/v2\/types\/product"}],"replies":[{"embeddable":true,"href":"http:\/\/diverminis.com\/index.php?rest_route=%2Fwp%2Fv2%2Fcomments&post=1844"}],"wp:featuredmedia":[{"embeddable":true,"href":"http:\/\/diverminis.com\/index.php?rest_route=\/wp\/v2\/media\/1853"}],"wp:attachment":[{"href":"http:\/\/diverminis.com\/index.php?rest_route=%2Fwp%2Fv2%2Fmedia&parent=1844"}],"wp:term":[{"taxonomy":"product_brand","embeddable":true,"href":"http:\/\/diverminis.com\/index.php?rest_route=%2Fwp%2Fv2%2Fproduct_brand&post=1844"},{"taxonomy":"product_cat","embeddable":true,"href":"http:\/\/diverminis.com\/index.php?rest_route=%2Fwp%2Fv2%2Fproduct_cat&post=1844"},{"taxonomy":"product_tag","embeddable":true,"href":"http:\/\/diverminis.com\/index.php?rest_route=%2Fwp%2Fv2%2Fproduct_tag&post=1844"},{"taxonomy":"giftcard-category","embeddable":true,"href":"http:\/\/diverminis.com\/index.php?rest_route=%2Fwp%2Fv2%2Fgiftcard-category&post=1844"}],"curies":[{"name":"wp","href":"https:\/\/api.w.org\/{rel}","templated":true}]}}