{"id":1832,"date":"2024-05-08T21:32:04","date_gmt":"2024-05-08T21:32:04","guid":{"rendered":"https:\/\/diverminis.com\/?post_type=product&#038;p=1832"},"modified":"2024-05-09T13:49:15","modified_gmt":"2024-05-09T13:49:15","slug":"cuadernillo-minigeografia-bolsillo-a5","status":"publish","type":"product","link":"http:\/\/diverminis.com\/?product=cuadernillo-minigeografia-bolsillo-a5","title":{"rendered":"Cuadernillo MiniGeograf\u00eda (bolsillo \u2013 A5)"},"content":{"rendered":"<p>Cuadernillo manipulativo de geograf\u00eda. Este cuadernillo educativo es estupendo para aprender de una manera m\u00e1s atractiva\u00a0 diferentes aprendizajes como: los continentes, algunas capitales de Espa\u00f1a y del mundo&#8230;Adem\u00e1s deber\u00e1n situar en el mapa de Espa\u00f1a diferentes Comunidades Aut\u00f3nomas.<\/p>\n<p>Recomendado a partir de los 8 a\u00f1os (siempre debemos tener en cuenta el desarrollo personal de cada ni\u00f1a o ni\u00f1o)<\/p>\n","protected":false},"excerpt":{"rendered":"<p>Cuadernillo manipulativo y did\u00e1ctico, ideal para ayudar a reconocer y situar en el mapa diferentes Comunidades Aut\u00f3nomas, reconocer capitales, continentes&#8230;<\/p>\n<p>11 p\u00e1ginas: portada, contraportada y 9 p\u00e1ginas de actividades.<\/p>\n","protected":false},"featured_media":1820,"comment_status":"open","ping_status":"closed","template":"","meta":{"site-sidebar-layout":"default","site-content-layout":"","ast-site-content-layout":"default","site-content-style":"default","site-sidebar-style":"default","ast-global-header-display":"","ast-banner-title-visibility":"","ast-main-header-display":"","ast-hfb-above-header-display":"","ast-hfb-below-header-display":"","ast-hfb-mobile-header-display":"","site-post-title":"","ast-breadcrumbs-content":"","ast-featured-img":"","footer-sml-layout":"","theme-transparent-header-meta":"default","adv-header-id-meta":"","stick-header-meta":"","header-above-stick-meta":"","header-main-stick-meta":"","header-below-stick-meta":"","astra-migrate-meta-layouts":"set","ast-page-background-enabled":"default","ast-page-background-meta":{"desktop":{"background-color":"var(--ast-global-color-4)","background-image":"","background-repeat":"repeat","background-position":"center center","background-size":"auto","background-attachment":"scroll","background-type":"","background-media":"","overlay-type":"","overlay-color":"","overlay-gradient":""},"tablet":{"background-color":"","background-image":"","background-repeat":"repeat","background-position":"center center","background-size":"auto","background-attachment":"scroll","background-type":"","background-media":"","overlay-type":"","overlay-color":"","overlay-gradient":""},"mobile":{"background-color":"","background-image":"","background-repeat":"repeat","background-position":"center center","background-size":"auto","background-attachment":"scroll","background-type":"","background-media":"","overlay-type":"","overlay-color":"","overlay-gradient":""}},"ast-content-background-meta":{"desktop":{"background-color":"var(--ast-global-color-5)","background-image":"","background-repeat":"repeat","background-position":"center center","background-size":"auto","background-attachment":"scroll","background-type":"","background-media":"","overlay-type":"","overlay-color":"","overlay-gradient":""},"tablet":{"background-color":"var(--ast-global-color-5)","background-image":"","background-repeat":"repeat","background-position":"center center","background-size":"auto","background-attachment":"scroll","background-type":"","background-media":"","overlay-type":"","overlay-color":"","overlay-gradient":""},"mobile":{"background-color":"var(--ast-global-color-5)","background-image":"","background-repeat":"repeat","background-position":"center center","background-size":"auto","background-attachment":"scroll","background-type":"","background-media":"","overlay-type":"","overlay-color":"","overlay-gradient":""}}},"product_brand":[],"product_cat":[35,40,27],"product_tag":[],"giftcard-category":[],"class_list":{"0":"post-1832","1":"product","2":"type-product","3":"status-publish","4":"has-post-thumbnail","6":"product_cat-cuadernillos","7":"product_cat-educacion-primaria","8":"product_cat-lectoescritura","9":"desktop-align-left","10":"tablet-align-left","11":"mobile-align-left","13":"first","14":"instock","15":"shipping-taxable","16":"purchasable","17":"product-type-simple"},"_links":{"self":[{"href":"http:\/\/diverminis.com\/index.php?rest_route=\/wp\/v2\/product\/1832","targetHints":{"allow":["GET"]}}],"collection":[{"href":"http:\/\/diverminis.com\/index.php?rest_route=\/wp\/v2\/product"}],"about":[{"href":"http:\/\/diverminis.com\/index.php?rest_route=\/wp\/v2\/types\/product"}],"replies":[{"embeddable":true,"href":"http:\/\/diverminis.com\/index.php?rest_route=%2Fwp%2Fv2%2Fcomments&post=1832"}],"wp:featuredmedia":[{"embeddable":true,"href":"http:\/\/diverminis.com\/index.php?rest_route=\/wp\/v2\/media\/1820"}],"wp:attachment":[{"href":"http:\/\/diverminis.com\/index.php?rest_route=%2Fwp%2Fv2%2Fmedia&parent=1832"}],"wp:term":[{"taxonomy":"product_brand","embeddable":true,"href":"http:\/\/diverminis.com\/index.php?rest_route=%2Fwp%2Fv2%2Fproduct_brand&post=1832"},{"taxonomy":"product_cat","embeddable":true,"href":"http:\/\/diverminis.com\/index.php?rest_route=%2Fwp%2Fv2%2Fproduct_cat&post=1832"},{"taxonomy":"product_tag","embeddable":true,"href":"http:\/\/diverminis.com\/index.php?rest_route=%2Fwp%2Fv2%2Fproduct_tag&post=1832"},{"taxonomy":"giftcard-category","embeddable":true,"href":"http:\/\/diverminis.com\/index.php?rest_route=%2Fwp%2Fv2%2Fgiftcard-category&post=1832"}],"curies":[{"name":"wp","href":"https:\/\/api.w.org\/{rel}","templated":true}]}}