{"id":1557,"date":"2024-02-06T14:45:43","date_gmt":"2024-02-06T14:45:43","guid":{"rendered":"https:\/\/diverminis.com\/?post_type=product&#038;p=1557"},"modified":"2024-02-28T18:59:24","modified_gmt":"2024-02-28T18:59:24","slug":"laminas-de-conteo-a3","status":"publish","type":"product","link":"http:\/\/diverminis.com\/?product=laminas-de-conteo-a3","title":{"rendered":"L\u00e1minas de conteo (A3)"},"content":{"rendered":"<p>L\u00e1minas en formato A3 (el doble de un folio) para trabajar el conteo.<\/p>\n<p>Con estas l\u00e1minas podr\u00e9is trabajar el conteo con una amplia diversidad de opciones. Por ejemplo, en la l\u00e1mina del gallo, podr\u00e9is poner vosotros el n\u00famero de pollitos y ellos tendr\u00e1n que poner en los velcros los pollitos que corresponden, o podr\u00e9is hacer al rev\u00e9s, pegar vosotros los pollitos en los velcros y que sean ellos los que tengan que buscar el n\u00famero y colocarlo en el gallinero.<\/p>\n<p>Y lo mismo con todas las l\u00e1minas.<\/p>\n<p>La l\u00e1mina de la tarta consta de 6 velas: en la estrella colocar\u00e9is el n\u00famero y ellos deber\u00e1n poner en la tarta tantas velas como les indica el n\u00famero.<\/p>\n<p>En la l\u00e1mina de deportes, les deb\u00e9is indicar el n\u00famero de balones y si deben buscar de baloncesto o de f\u00fatbol. En esta l\u00e1mina podr\u00e1n contar del 1 al 10.<\/p>\n<p>En l\u00e1mina de los monstruos deben contar cuantos ojos tiene cada monstruo.<\/p>\n<p>La l\u00e1mina de los animales es con la que m\u00e1s combinaciones se pueden hacer. Los n\u00fameros van del uno al 10 pero podr\u00e9is indicarles, por ejemplo, que pongan 10 animales iguales (10 cerditos) o bien que pongan 2 cerditos, 4 cangrejos y 1 le\u00f3n, por ejemplo. O tambi\u00e9n pod\u00e9is hacerlo al rev\u00e9s, colocar los animales y que ellos pongan el n\u00famero.<\/p>\n<p>Con la l\u00e1mina de los pollitos podr\u00e1n contar del 1 al 20<\/p>\n","protected":false},"excerpt":{"rendered":"<p>L\u00e1minas en formato A3 (el doble de un folio) para trabajar el conteo.<\/p>\n<p>Son 5 l\u00e1minas en las que los peques podr\u00e1s trabajar el conteo de forma divertida y manipulativa.<\/p>\n<p>Dependiendo de la l\u00e1mina con la que vay\u00e1is a trabajar podr\u00e9is obtener m\u00faltiples combinaciones. Bien pod\u00e9is indicarles vosotros el n\u00famero y ellos contar los objetos o al rev\u00e9s, pegar vosotros las fichas en los velcros y que sean ellos los que coloquen el n\u00famero.<\/p>\n","protected":false},"featured_media":1558,"comment_status":"open","ping_status":"closed","template":"","meta":{"site-sidebar-layout":"default","site-content-layout":"","ast-site-content-layout":"default","site-content-style":"default","site-sidebar-style":"default","ast-global-header-display":"","ast-banner-title-visibility":"","ast-main-header-display":"","ast-hfb-above-header-display":"","ast-hfb-below-header-display":"","ast-hfb-mobile-header-display":"","site-post-title":"","ast-breadcrumbs-content":"","ast-featured-img":"","footer-sml-layout":"","theme-transparent-header-meta":"default","adv-header-id-meta":"","stick-header-meta":"","header-above-stick-meta":"","header-main-stick-meta":"","header-below-stick-meta":"","astra-migrate-meta-layouts":"set","ast-page-background-enabled":"default","ast-page-background-meta":{"desktop":{"background-color":"var(--ast-global-color-4)","background-image":"","background-repeat":"repeat","background-position":"center center","background-size":"auto","background-attachment":"scroll","background-type":"","background-media":"","overlay-type":"","overlay-color":"","overlay-gradient":""},"tablet":{"background-color":"","background-image":"","background-repeat":"repeat","background-position":"center center","background-size":"auto","background-attachment":"scroll","background-type":"","background-media":"","overlay-type":"","overlay-color":"","overlay-gradient":""},"mobile":{"background-color":"","background-image":"","background-repeat":"repeat","background-position":"center center","background-size":"auto","background-attachment":"scroll","background-type":"","background-media":"","overlay-type":"","overlay-color":"","overlay-gradient":""}},"ast-content-background-meta":{"desktop":{"background-color":"var(--ast-global-color-5)","background-image":"","background-repeat":"repeat","background-position":"center center","background-size":"auto","background-attachment":"scroll","background-type":"","background-media":"","overlay-type":"","overlay-color":"","overlay-gradient":""},"tablet":{"background-color":"var(--ast-global-color-5)","background-image":"","background-repeat":"repeat","background-position":"center center","background-size":"auto","background-attachment":"scroll","background-type":"","background-media":"","overlay-type":"","overlay-color":"","overlay-gradient":""},"mobile":{"background-color":"var(--ast-global-color-5)","background-image":"","background-repeat":"repeat","background-position":"center center","background-size":"auto","background-attachment":"scroll","background-type":"","background-media":"","overlay-type":"","overlay-color":"","overlay-gradient":""}}},"product_brand":[],"product_cat":[37],"product_tag":[],"giftcard-category":[],"class_list":{"0":"post-1557","1":"product","2":"type-product","3":"status-publish","4":"has-post-thumbnail","6":"product_cat-laminas-a3","7":"desktop-align-left","8":"tablet-align-left","9":"mobile-align-left","11":"first","12":"instock","13":"shipping-taxable","14":"purchasable","15":"product-type-simple"},"_links":{"self":[{"href":"http:\/\/diverminis.com\/index.php?rest_route=\/wp\/v2\/product\/1557","targetHints":{"allow":["GET"]}}],"collection":[{"href":"http:\/\/diverminis.com\/index.php?rest_route=\/wp\/v2\/product"}],"about":[{"href":"http:\/\/diverminis.com\/index.php?rest_route=\/wp\/v2\/types\/product"}],"replies":[{"embeddable":true,"href":"http:\/\/diverminis.com\/index.php?rest_route=%2Fwp%2Fv2%2Fcomments&post=1557"}],"wp:featuredmedia":[{"embeddable":true,"href":"http:\/\/diverminis.com\/index.php?rest_route=\/wp\/v2\/media\/1558"}],"wp:attachment":[{"href":"http:\/\/diverminis.com\/index.php?rest_route=%2Fwp%2Fv2%2Fmedia&parent=1557"}],"wp:term":[{"taxonomy":"product_brand","embeddable":true,"href":"http:\/\/diverminis.com\/index.php?rest_route=%2Fwp%2Fv2%2Fproduct_brand&post=1557"},{"taxonomy":"product_cat","embeddable":true,"href":"http:\/\/diverminis.com\/index.php?rest_route=%2Fwp%2Fv2%2Fproduct_cat&post=1557"},{"taxonomy":"product_tag","embeddable":true,"href":"http:\/\/diverminis.com\/index.php?rest_route=%2Fwp%2Fv2%2Fproduct_tag&post=1557"},{"taxonomy":"giftcard-category","embeddable":true,"href":"http:\/\/diverminis.com\/index.php?rest_route=%2Fwp%2Fv2%2Fgiftcard-category&post=1557"}],"curies":[{"name":"wp","href":"https:\/\/api.w.org\/{rel}","templated":true}]}}