{"id":1045,"date":"2023-12-22T14:27:46","date_gmt":"2023-12-22T14:27:46","guid":{"rendered":"https:\/\/diverminis.com\/?post_type=product&#038;p=1045"},"modified":"2024-02-09T13:32:49","modified_gmt":"2024-02-09T13:32:49","slug":"cuadernillo-el-cuerpo-humano-2","status":"publish","type":"product","link":"http:\/\/diverminis.com\/?product=cuadernillo-el-cuerpo-humano-2","title":{"rendered":"Cuadernillo El cuerpo Humano 2"},"content":{"rendered":"<p>En el cuadernillo del cuerpo humano vuestros y vuestras peques se divertir\u00e1n a la vez que aprenden los \u00f3rganos, partes del cuerpo y partes del esqueleto humano.<\/p>\n<p>En el encontramos m\u00e1s texto que en el cuadernillo del cuerpo humano 1 para que as\u00ed los peques que ya dominan la lectura tengan que relacionar el texto con las im\u00e1genes.<\/p>\n<p>Para solicitar v\u00eddeos consultar por WhatsApp<a href=\"https:\/\/l.instagram.com\/?u=https%3A%2F%2Fwa.me%2F34984057366&amp;e=AT2c9IrcQTyhhq_UX-vOaopOdIwc9R8wP6jt63IJ_yzj2MYE_Jo5hDmy9y57ACfjxs7xjpvz-j5ThpLx123awCy0pQQL_3NWR9vpc-g\"><img decoding=\"async\" class=\"alignnone wp-image-1276\" src=\"http:\/\/diverminis.com\/wp-content\/uploads\/2023\/12\/was-grande-bien-300x169.png\" alt=\"\" width=\"72\" height=\"40\" srcset=\"http:\/\/diverminis.com\/wp-content\/uploads\/2023\/12\/was-grande-bien-300x169.png 300w, http:\/\/diverminis.com\/wp-content\/uploads\/2023\/12\/was-grande-bien-400x225.png 400w, http:\/\/diverminis.com\/wp-content\/uploads\/2023\/12\/was-grande-bien-1024x576.png 1024w, http:\/\/diverminis.com\/wp-content\/uploads\/2023\/12\/was-grande-bien-768x432.png 768w, http:\/\/diverminis.com\/wp-content\/uploads\/2023\/12\/was-grande-bien.png 1366w\" sizes=\"(max-width: 72px) 100vw, 72px\" \/><\/a><\/p>\n","protected":false},"excerpt":{"rendered":"<p>Cuadernillo manipulativo y did\u00e1ctico,\u00a0 ideal para ayudar a reconocer a los m\u00e1s peques las partes del cuerpo humano. En el se trabajar\u00e1n \u00f3rganos, huesos y se incluye una divertida p\u00e1gina en los que las que deber\u00e1n elegir como decorar el busto eligiendo el cabello, los ojos, los labios, las orejas&#8230;<\/p>\n<p>15 p\u00e1ginas: portada, contraportada y 13 p\u00e1ginas de actividades.<\/p>\n","protected":false},"featured_media":1341,"comment_status":"open","ping_status":"closed","template":"","meta":{"site-sidebar-layout":"default","site-content-layout":"","ast-site-content-layout":"default","site-content-style":"default","site-sidebar-style":"default","ast-global-header-display":"","ast-banner-title-visibility":"","ast-main-header-display":"","ast-hfb-above-header-display":"","ast-hfb-below-header-display":"","ast-hfb-mobile-header-display":"","site-post-title":"","ast-breadcrumbs-content":"","ast-featured-img":"","footer-sml-layout":"","theme-transparent-header-meta":"default","adv-header-id-meta":"","stick-header-meta":"","header-above-stick-meta":"","header-main-stick-meta":"","header-below-stick-meta":"","astra-migrate-meta-layouts":"set","ast-page-background-enabled":"default","ast-page-background-meta":{"desktop":{"background-color":"var(--ast-global-color-4)","background-image":"","background-repeat":"repeat","background-position":"center center","background-size":"auto","background-attachment":"scroll","background-type":"","background-media":"","overlay-type":"","overlay-color":"","overlay-gradient":""},"tablet":{"background-color":"","background-image":"","background-repeat":"repeat","background-position":"center center","background-size":"auto","background-attachment":"scroll","background-type":"","background-media":"","overlay-type":"","overlay-color":"","overlay-gradient":""},"mobile":{"background-color":"","background-image":"","background-repeat":"repeat","background-position":"center center","background-size":"auto","background-attachment":"scroll","background-type":"","background-media":"","overlay-type":"","overlay-color":"","overlay-gradient":""}},"ast-content-background-meta":{"desktop":{"background-color":"var(--ast-global-color-5)","background-image":"","background-repeat":"repeat","background-position":"center center","background-size":"auto","background-attachment":"scroll","background-type":"","background-media":"","overlay-type":"","overlay-color":"","overlay-gradient":""},"tablet":{"background-color":"var(--ast-global-color-5)","background-image":"","background-repeat":"repeat","background-position":"center center","background-size":"auto","background-attachment":"scroll","background-type":"","background-media":"","overlay-type":"","overlay-color":"","overlay-gradient":""},"mobile":{"background-color":"var(--ast-global-color-5)","background-image":"","background-repeat":"repeat","background-position":"center center","background-size":"auto","background-attachment":"scroll","background-type":"","background-media":"","overlay-type":"","overlay-color":"","overlay-gradient":""}}},"product_brand":[],"product_cat":[15,35,26],"product_tag":[],"giftcard-category":[],"class_list":{"0":"post-1045","1":"product","2":"type-product","3":"status-publish","4":"has-post-thumbnail","6":"product_cat-sin-categorizar","7":"product_cat-cuadernillos","8":"product_cat-educacion-infantil","9":"desktop-align-left","10":"tablet-align-left","11":"mobile-align-left","13":"first","14":"instock","15":"shipping-taxable","16":"purchasable","17":"product-type-simple"},"_links":{"self":[{"href":"http:\/\/diverminis.com\/index.php?rest_route=\/wp\/v2\/product\/1045","targetHints":{"allow":["GET"]}}],"collection":[{"href":"http:\/\/diverminis.com\/index.php?rest_route=\/wp\/v2\/product"}],"about":[{"href":"http:\/\/diverminis.com\/index.php?rest_route=\/wp\/v2\/types\/product"}],"replies":[{"embeddable":true,"href":"http:\/\/diverminis.com\/index.php?rest_route=%2Fwp%2Fv2%2Fcomments&post=1045"}],"wp:featuredmedia":[{"embeddable":true,"href":"http:\/\/diverminis.com\/index.php?rest_route=\/wp\/v2\/media\/1341"}],"wp:attachment":[{"href":"http:\/\/diverminis.com\/index.php?rest_route=%2Fwp%2Fv2%2Fmedia&parent=1045"}],"wp:term":[{"taxonomy":"product_brand","embeddable":true,"href":"http:\/\/diverminis.com\/index.php?rest_route=%2Fwp%2Fv2%2Fproduct_brand&post=1045"},{"taxonomy":"product_cat","embeddable":true,"href":"http:\/\/diverminis.com\/index.php?rest_route=%2Fwp%2Fv2%2Fproduct_cat&post=1045"},{"taxonomy":"product_tag","embeddable":true,"href":"http:\/\/diverminis.com\/index.php?rest_route=%2Fwp%2Fv2%2Fproduct_tag&post=1045"},{"taxonomy":"giftcard-category","embeddable":true,"href":"http:\/\/diverminis.com\/index.php?rest_route=%2Fwp%2Fv2%2Fgiftcard-category&post=1045"}],"curies":[{"name":"wp","href":"https:\/\/api.w.org\/{rel}","templated":true}]}}