{"id":628,"date":"2022-01-19T09:40:52","date_gmt":"2022-01-19T09:40:52","guid":{"rendered":"https:\/\/demo.creativethemes.com\/stagingthree\/?page_id=628"},"modified":"2023-12-16T22:45:00","modified_gmt":"2023-12-16T22:45:00","slug":"about-us","status":"publish","type":"page","link":"http:\/\/diverminis.com\/?page_id=628","title":{"rendered":"Sobre nosotros"},"content":{"rendered":"\t\t<div data-elementor-type=\"wp-page\" data-elementor-id=\"628\" class=\"elementor elementor-628\">\n\t\t\t\t<div class=\"elementor-element elementor-element-fe4561d e-flex e-con-boxed e-con e-parent\" data-id=\"fe4561d\" data-element_type=\"container\">\n\t\t\t\t\t<div class=\"e-con-inner\">\n\t\t<div class=\"elementor-element elementor-element-16ecbda e-con-full e-flex e-con e-child\" data-id=\"16ecbda\" data-element_type=\"container\">\n\t\t\t\t<div class=\"elementor-element elementor-element-25648be elementor-widget elementor-widget-image\" data-id=\"25648be\" data-element_type=\"widget\" data-widget_type=\"image.default\">\n\t\t\t\t<div class=\"elementor-widget-container\">\n\t\t\t<style>\/*! elementor - v3.22.0 - 17-06-2024 *\/\n.elementor-widget-image{text-align:center}.elementor-widget-image a{display:inline-block}.elementor-widget-image a img[src$=\".svg\"]{width:48px}.elementor-widget-image img{vertical-align:middle;display:inline-block}<\/style>\t\t\t\t\t\t\t\t\t\t<img fetchpriority=\"high\" decoding=\"async\" width=\"1024\" height=\"768\" src=\"http:\/\/diverminis.com\/wp-content\/uploads\/2023\/12\/1702759995461-1024x768.jpg\" class=\"attachment-large size-large wp-image-888\" alt=\"\" srcset=\"http:\/\/diverminis.com\/wp-content\/uploads\/2023\/12\/1702759995461-1024x768.jpg 1024w, http:\/\/diverminis.com\/wp-content\/uploads\/2023\/12\/1702759995461-scaled-400x300.jpg 400w, http:\/\/diverminis.com\/wp-content\/uploads\/2023\/12\/1702759995461-300x225.jpg 300w, http:\/\/diverminis.com\/wp-content\/uploads\/2023\/12\/1702759995461-768x576.jpg 768w, http:\/\/diverminis.com\/wp-content\/uploads\/2023\/12\/1702759995461-1536x1152.jpg 1536w, http:\/\/diverminis.com\/wp-content\/uploads\/2023\/12\/1702759995461-2048x1536.jpg 2048w\" sizes=\"(max-width: 1024px) 100vw, 1024px\" \/>\t\t\t\t\t\t\t\t\t\t\t\t\t<\/div>\n\t\t\t\t<\/div>\n\t\t\t\t<\/div>\n\t\t<div class=\"elementor-element elementor-element-889c68c e-con-full e-flex e-con e-child\" data-id=\"889c68c\" data-element_type=\"container\">\n\t\t\t\t<div class=\"elementor-element elementor-element-8c1e6e1 elementor-widget elementor-widget-text-editor\" data-id=\"8c1e6e1\" data-element_type=\"widget\" data-widget_type=\"text-editor.default\">\n\t\t\t\t<div class=\"elementor-widget-container\">\n\t\t\t<style>\/*! elementor - v3.22.0 - 17-06-2024 *\/\n.elementor-widget-text-editor.elementor-drop-cap-view-stacked .elementor-drop-cap{background-color:#69727d;color:#fff}.elementor-widget-text-editor.elementor-drop-cap-view-framed .elementor-drop-cap{color:#69727d;border:3px solid;background-color:transparent}.elementor-widget-text-editor:not(.elementor-drop-cap-view-default) .elementor-drop-cap{margin-top:8px}.elementor-widget-text-editor:not(.elementor-drop-cap-view-default) .elementor-drop-cap-letter{width:1em;height:1em}.elementor-widget-text-editor .elementor-drop-cap{float:left;text-align:center;line-height:1;font-size:50px}.elementor-widget-text-editor .elementor-drop-cap-letter{display:inline-block}<\/style>\t\t\t\t<div id=\"design-studio\" class=\"wp-block-stackable-heading stk-block-heading stk-block-heading--v2 stk-block stk-cc405c3\" data-block-id=\"cc405c3\">\n<h2 class=\"stk-block-heading__text has-text-align-center-mobile\">\u00bfQui\u00e9n est\u00e1 detr\u00e1s de Diverminis?<\/h2>\n<\/div>\n<p><!-- \/wp:stackable\/heading --><!-- wp:stackable\/columns {\"uniqueId\":\"e9fb440\",\"blockMargin\":{\"bottom\":0},\"columnGap\":30,\"rowGapMobile\":50} --><\/p>\n<div class=\"wp-block-stackable-columns stk-block-columns stk-block stk-e9fb440\" data-block-id=\"e9fb440\">\n<div class=\"stk-row stk-inner-blocks stk-block-content stk-content-align stk-e9fb440-column\">\n<div class=\"wp-block-stackable-column stk-block-column stk-column stk-block stk-3d0787d\" data-block-id=\"3d0787d\">\n<div class=\"stk-column-wrapper stk-block-column__content stk-container stk-3d0787d-container stk--no-background stk--no-padding\">\n<div class=\"stk-block-content stk-inner-blocks stk-3d0787d-inner-blocks\">\n<div class=\"wp-block-stackable-text stk-block-text stk-block stk-d22a686\" data-block-id=\"d22a686\"><span style=\"font-size: 16px;\">Hola, soy Aida. Soy maestra de Educaci\u00f3n Primaria y mam\u00e1 de una peque de casi tres a\u00f1os.<\/span><\/div>\n<div class=\"wp-block-stackable-text stk-block-text stk-block stk-d22a686\" data-block-id=\"d22a686\"><span style=\"text-align: var(--stk-alignment-text-align,start); background-color: var(--ast-global-color-5); color: var(--ast-global-color-3); font-size: 1rem;\">Mi pasi\u00f3n por la ense\u00f1anza, guiada por las vivencias con mi peque y unido a mi inter\u00e9s y afici\u00f3n por crear material did\u00e1ctico me hizo iniciarme en este proyecto<\/span><\/div>\n<\/div>\n<\/div>\n<\/div>\n<\/div>\n<\/div>\t\t\t\t\t\t<\/div>\n\t\t\t\t<\/div>\n\t\t\t\t<\/div>\n\t\t<div class=\"elementor-element elementor-element-d574c29 e-con-full e-flex e-con e-child\" data-id=\"d574c29\" data-element_type=\"container\">\n\t\t\t\t<div class=\"elementor-element elementor-element-8402e3e elementor-widget elementor-widget-text-editor\" data-id=\"8402e3e\" data-element_type=\"widget\" data-widget_type=\"text-editor.default\">\n\t\t\t\t<div class=\"elementor-widget-container\">\n\t\t\t\t\t\t\t<p>Lo que en un principio iba ser la elaboraci\u00f3n de algunas fichas con actividades para mi peque, finalmente se convirti\u00f3 en Diverminis.<\/p>\n<p>Como ya digo, inicialmente mi idea solo era elaborar algunas fichas con actividades pero a hija y a mi nos gust\u00f3 tanto que me anim\u00e9 y el resultado final fueron no uno, sino tres cuadernillos: colores, animales y formas.<\/p>\n<p>De esos tres cuadernillos y gracias a vuestros inter\u00e9s, a d\u00eda de hoy, he elaborado muchos m\u00e1s: colores, animales, formas, emociones, rutinas, n\u00fameros, vocales, consonantes, el cuerpo humano&#8230;<\/p>\n<p>Cada uno de los cuadernillos que elaboro lo hago pensando en los m\u00e1s peque\u00f1os de la casa, partiendo de sus intereses, con actividades entretenidas ya que como siempre digo, aprender NO tiene porque ser aburrido, debemos tener en cuenta que el juego sienta las bases para el desarrollo de gran parte de conocimientos y m\u00e1s si estamos hablando en edades tempranas.<\/p>\t\t\t\t\t\t<\/div>\n\t\t\t\t<\/div>\n\t\t\t\t<\/div>\n\t\t\t\t\t<\/div>\n\t\t\t\t<\/div>\n\t\t<div class=\"elementor-element elementor-element-a13d4e6 e-flex e-con-boxed e-con e-parent\" data-id=\"a13d4e6\" data-element_type=\"container\">\n\t\t\t\t\t<div class=\"e-con-inner\">\n\t\t\t\t<div class=\"elementor-element elementor-element-29925b8 elementor-widget elementor-widget-button\" data-id=\"29925b8\" data-element_type=\"widget\" data-widget_type=\"button.default\">\n\t\t\t\t<div class=\"elementor-widget-container\">\n\t\t\t\t\t<div class=\"elementor-button-wrapper\">\n\t\t\t<a class=\"elementor-button elementor-button-link elementor-size-sm elementor-animation-shrink\" href=\"https:\/\/diverminis.com\/?post_type=product\">\n\t\t\t\t\t\t<span class=\"elementor-button-content-wrapper\">\n\t\t\t\t\t\t\t\t\t<span class=\"elementor-button-text\">Ver todos los cuadernillos<\/span>\n\t\t\t\t\t<\/span>\n\t\t\t\t\t<\/a>\n\t\t<\/div>\n\t\t\t\t<\/div>\n\t\t\t\t<\/div>\n\t\t\t\t\t<\/div>\n\t\t\t\t<\/div>\n\t\t\t\t<\/div>\n\t\t","protected":false},"excerpt":{"rendered":"<p>\u00bfQui\u00e9n est\u00e1 detr\u00e1s de Diverminis? Hola, soy Aida. Soy maestra de Educaci\u00f3n Primaria y mam\u00e1 de una peque de casi tres a\u00f1os. Mi pasi\u00f3n por la ense\u00f1anza, guiada por las vivencias con mi peque y unido a mi inter\u00e9s y afici\u00f3n por crear material did\u00e1ctico me hizo iniciarme en este proyecto Lo que en un [&hellip;]<\/p>\n","protected":false},"author":1,"featured_media":0,"parent":0,"menu_order":0,"comment_status":"closed","ping_status":"closed","template":"","meta":{"site-sidebar-layout":"default","site-content-layout":"","ast-site-content-layout":"","site-content-style":"default","site-sidebar-style":"default","ast-global-header-display":"","ast-banner-title-visibility":"","ast-main-header-display":"","ast-hfb-above-header-display":"","ast-hfb-below-header-display":"","ast-hfb-mobile-header-display":"","site-post-title":"","ast-breadcrumbs-content":"","ast-featured-img":"","footer-sml-layout":"","theme-transparent-header-meta":"","adv-header-id-meta":"","stick-header-meta":"","header-above-stick-meta":"","header-main-stick-meta":"","header-below-stick-meta":"","astra-migrate-meta-layouts":"default","ast-page-background-enabled":"default","ast-page-background-meta":{"desktop":{"background-color":"var(--ast-global-color-4)","background-image":"","background-repeat":"repeat","background-position":"center center","background-size":"auto","background-attachment":"scroll","background-type":"","background-media":"","overlay-type":"","overlay-color":"","overlay-gradient":""},"tablet":{"background-color":"","background-image":"","background-repeat":"repeat","background-position":"center center","background-size":"auto","background-attachment":"scroll","background-type":"","background-media":"","overlay-type":"","overlay-color":"","overlay-gradient":""},"mobile":{"background-color":"","background-image":"","background-repeat":"repeat","background-position":"center center","background-size":"auto","background-attachment":"scroll","background-type":"","background-media":"","overlay-type":"","overlay-color":"","overlay-gradient":""}},"ast-content-background-meta":{"desktop":{"background-color":"var(--ast-global-color-5)","background-image":"","background-repeat":"repeat","background-position":"center center","background-size":"auto","background-attachment":"scroll","background-type":"","background-media":"","overlay-type":"","overlay-color":"","overlay-gradient":""},"tablet":{"background-color":"var(--ast-global-color-5)","background-image":"","background-repeat":"repeat","background-position":"center center","background-size":"auto","background-attachment":"scroll","background-type":"","background-media":"","overlay-type":"","overlay-color":"","overlay-gradient":""},"mobile":{"background-color":"var(--ast-global-color-5)","background-image":"","background-repeat":"repeat","background-position":"center center","background-size":"auto","background-attachment":"scroll","background-type":"","background-media":"","overlay-type":"","overlay-color":"","overlay-gradient":""}},"footnotes":""},"class_list":["post-628","page","type-page","status-publish","hentry"],"_links":{"self":[{"href":"http:\/\/diverminis.com\/index.php?rest_route=\/wp\/v2\/pages\/628","targetHints":{"allow":["GET"]}}],"collection":[{"href":"http:\/\/diverminis.com\/index.php?rest_route=\/wp\/v2\/pages"}],"about":[{"href":"http:\/\/diverminis.com\/index.php?rest_route=\/wp\/v2\/types\/page"}],"author":[{"embeddable":true,"href":"http:\/\/diverminis.com\/index.php?rest_route=\/wp\/v2\/users\/1"}],"replies":[{"embeddable":true,"href":"http:\/\/diverminis.com\/index.php?rest_route=%2Fwp%2Fv2%2Fcomments&post=628"}],"version-history":[{"count":22,"href":"http:\/\/diverminis.com\/index.php?rest_route=\/wp\/v2\/pages\/628\/revisions"}],"predecessor-version":[{"id":914,"href":"http:\/\/diverminis.com\/index.php?rest_route=\/wp\/v2\/pages\/628\/revisions\/914"}],"wp:attachment":[{"href":"http:\/\/diverminis.com\/index.php?rest_route=%2Fwp%2Fv2%2Fmedia&parent=628"}],"curies":[{"name":"wp","href":"https:\/\/api.w.org\/{rel}","templated":true}]}}