{"id":1063,"date":"2023-12-28T21:30:22","date_gmt":"2023-12-28T21:30:22","guid":{"rendered":"https:\/\/diverminis.com\/?page_id=1063"},"modified":"2024-06-25T20:13:50","modified_gmt":"2024-06-25T20:13:50","slug":"terminos-y-condiciones","status":"publish","type":"page","link":"http:\/\/diverminis.com\/?page_id=1063","title":{"rendered":"T\u00e9rminos y condiciones"},"content":{"rendered":"<p>CONDICIONES DE COMPRA<\/p><p>PRECIOS Y PRODUCTOS<br>Todos los precios incluyen IVA.<br>Diverminis se reserva el derecho a cambio de precios sin comunicaci\u00f3n previa, pero siempre manteniendo los del momento que se formalice la compra.<br>Los precios son v\u00e1lidos salvo error tipogr\u00e1fico.&nbsp;<\/p><p>Todos los pedidos est\u00e1n sujetos a la disponibilidad de los productos. Si se produjeran dificultades en cuanto al suministro o no quedaran productos en stock, Diverminis se compromete a contactar al usuario y reembolsar cualquier cantidad que pudiera haber sido abonada en concepto de importe. De otra parte, la empresa no se hace responsable en circunstancia de fuerza mayor.<\/p><p>FORMAS DE PAGO<\/p><p>El pago se realizar\u00e1 en el momento exacto de la venta. Las formas de pago aceptadas son:<\/p><ul class=\"wp-block-list\"><li>Bizum<\/li>\n\n<li>Transferencia bancaria<\/li><\/ul><p>ENVIOS<\/p><ul class=\"wp-block-list\"><li>Env\u00edo est\u00e1ndar a Pen\u00ednsula: 4,95\u20ac&nbsp;<\/li>\n\n<li>Env\u00edo a Baleares, Islas Canarias, Ceuta y Melilla: la tarifa var\u00eda seg\u00fan el tipo de pedido.<\/li>\n\n<li>Env\u00edo internacional: contactar en diverminis@gmail.com<\/li><\/ul><p>El pedido ser\u00e1 enviado en un plazo comprendido entre 5 y 7 d\u00edas laborables (seg\u00fan disponibilidad) para env\u00edos est\u00e1ndar. En periodos de alta demanda podr\u00e1 alargarse el periodo 1 o 2 d\u00edas m\u00e1s, seg\u00fan la productividad.  En env\u00edos a Pen\u00ednsula, una vez enviado el pedido lo recibir\u00e1 en su casa en 3 o 4 d\u00edas laborales. En env\u00edos a Baleares , una vez enviado el pedido lo recibir\u00e1 en su casa en 4 o 6 d\u00edas laborales. En env\u00edos a Canarias y Ceuta y Melilla, una vez enviado el pedido lo recibir\u00e1 en su casa en 7 o 10 d\u00edas laborales. Para env\u00edos urgentes contactar a diverminis@gmail.com<\/p><p>*Los env\u00edos a Canarias, Ceuta y Melilla se realizan mediante carta certificada por lo que es imprescindible a portar el DNI de la persona que recoger\u00e1 el paquete.<\/p><p>CAMBIOS Y DEVOLUCIONES<\/p><p>Tiene derecho al cambio o devoluci\u00f3n de su producto en un plazo de 15 d\u00edas naturales desde que el cliente haya recibido el producto, los gastos de env\u00edo de dichas devoluciones\/cambios correr\u00e1n a cargo del cliente siempre que este cambio\/devoluci\u00f3n no sea por defectos del producto.<\/p><p>-Los cambios de productos se har\u00e1n por otro producto de mismo valor que la primera. Si hay diferencia en el precio a favor del cliente se devolver\u00e1 en forma de un bono o vale por el importe restante que no tendr\u00e1 caducidad<\/p><p>-Se proceder\u00e1 a la devoluci\u00f3n del importe del producto (sin gastos de env\u00edo) en forma de bono o vale sin caducidad siempre que se cumplan las condiciones siguientes.<\/p><p>No se admitir\u00e1n devoluciones\/cambios si los productos carecen de su embalaje original, aparecen deteriorados, se observan manchas, han sido usados o est\u00e1n da\u00f1ados o si caduca el plazo de 15 d\u00edas naturales desde que se recibe el producto.<\/p><p>&nbsp;No se admitir\u00e1n cambios ni devoluciones en productos personalizados.<\/p><p>Para devolver o cambiar alg\u00fan producto p\u00f3ngase en contacto a trav\u00e9s de nuestro mail: diverminis@gmail.com y le ayudaremos con todo el proceso.<\/p><p>GARANTIAS&nbsp; Y RESPONSABILIDAD<\/p><p>Diverminis&nbsp; no se responsabilizar\u00e1 por ning\u00fan incumplimiento o retraso en el cumplimiento de alguna de las obligaciones asumidas, cuando el mismo se deba a acontecimientos que est\u00e1n fuera de nuestro control razonable, es decir, que se deban a causa de fuerza mayor.<\/p><p>La garant\u00eda que Diverminis&nbsp; ofrece a sus clientes es seg\u00fan la legislaci\u00f3n vigente para cada producto.<\/p><p>Salvo que expresamente se disponga lo contrario en la legislaci\u00f3n espa\u00f1ola vigente, la responsabilidad de Diverminis&nbsp; en relaci\u00f3n con cualquier art\u00edculo adquirido se limitar\u00e1 al precio de compra de dicho producto. Diverminis&nbsp; no responder\u00e1 de los da\u00f1os indirectos causados al cliente ni del lucro cesante.<\/p>","protected":false},"excerpt":{"rendered":"<p>CONDICIONES DE COMPRA PRECIOS Y PRODUCTOSTodos los precios incluyen IVA.Diverminis se reserva el derecho a cambio de precios sin comunicaci\u00f3n previa, pero siempre manteniendo los del momento que se formalice la compra.Los precios son v\u00e1lidos salvo error tipogr\u00e1fico.&nbsp; Todos los pedidos est\u00e1n sujetos a la disponibilidad de los productos. Si se produjeran dificultades en cuanto [&hellip;]<\/p>\n","protected":false},"author":1,"featured_media":0,"parent":0,"menu_order":0,"comment_status":"closed","ping_status":"closed","template":"","meta":{"site-sidebar-layout":"default","site-content-layout":"","ast-site-content-layout":"","site-content-style":"default","site-sidebar-style":"default","ast-global-header-display":"","ast-banner-title-visibility":"","ast-main-header-display":"","ast-hfb-above-header-display":"","ast-hfb-below-header-display":"","ast-hfb-mobile-header-display":"","site-post-title":"","ast-breadcrumbs-content":"","ast-featured-img":"","footer-sml-layout":"","theme-transparent-header-meta":"","adv-header-id-meta":"","stick-header-meta":"","header-above-stick-meta":"","header-main-stick-meta":"","header-below-stick-meta":"","astra-migrate-meta-layouts":"default","ast-page-background-enabled":"default","ast-page-background-meta":{"desktop":{"background-color":"var(--ast-global-color-4)","background-image":"","background-repeat":"repeat","background-position":"center center","background-size":"auto","background-attachment":"scroll","background-type":"","background-media":"","overlay-type":"","overlay-color":"","overlay-gradient":""},"tablet":{"background-color":"","background-image":"","background-repeat":"repeat","background-position":"center center","background-size":"auto","background-attachment":"scroll","background-type":"","background-media":"","overlay-type":"","overlay-color":"","overlay-gradient":""},"mobile":{"background-color":"","background-image":"","background-repeat":"repeat","background-position":"center center","background-size":"auto","background-attachment":"scroll","background-type":"","background-media":"","overlay-type":"","overlay-color":"","overlay-gradient":""}},"ast-content-background-meta":{"desktop":{"background-color":"var(--ast-global-color-5)","background-image":"","background-repeat":"repeat","background-position":"center center","background-size":"auto","background-attachment":"scroll","background-type":"","background-media":"","overlay-type":"","overlay-color":"","overlay-gradient":""},"tablet":{"background-color":"var(--ast-global-color-5)","background-image":"","background-repeat":"repeat","background-position":"center center","background-size":"auto","background-attachment":"scroll","background-type":"","background-media":"","overlay-type":"","overlay-color":"","overlay-gradient":""},"mobile":{"background-color":"var(--ast-global-color-5)","background-image":"","background-repeat":"repeat","background-position":"center center","background-size":"auto","background-attachment":"scroll","background-type":"","background-media":"","overlay-type":"","overlay-color":"","overlay-gradient":""}},"footnotes":""},"class_list":["post-1063","page","type-page","status-publish","hentry"],"_links":{"self":[{"href":"http:\/\/diverminis.com\/index.php?rest_route=\/wp\/v2\/pages\/1063","targetHints":{"allow":["GET"]}}],"collection":[{"href":"http:\/\/diverminis.com\/index.php?rest_route=\/wp\/v2\/pages"}],"about":[{"href":"http:\/\/diverminis.com\/index.php?rest_route=\/wp\/v2\/types\/page"}],"author":[{"embeddable":true,"href":"http:\/\/diverminis.com\/index.php?rest_route=\/wp\/v2\/users\/1"}],"replies":[{"embeddable":true,"href":"http:\/\/diverminis.com\/index.php?rest_route=%2Fwp%2Fv2%2Fcomments&post=1063"}],"version-history":[{"count":5,"href":"http:\/\/diverminis.com\/index.php?rest_route=\/wp\/v2\/pages\/1063\/revisions"}],"predecessor-version":[{"id":1999,"href":"http:\/\/diverminis.com\/index.php?rest_route=\/wp\/v2\/pages\/1063\/revisions\/1999"}],"wp:attachment":[{"href":"http:\/\/diverminis.com\/index.php?rest_route=%2Fwp%2Fv2%2Fmedia&parent=1063"}],"curies":[{"name":"wp","href":"https:\/\/api.w.org\/{rel}","templated":true}]}}